{"id":719,"date":"2018-03-08T10:09:02","date_gmt":"2018-03-08T10:09:02","guid":{"rendered":"http:\/\/anwalt.mikado-themes.com\/?page_id=719"},"modified":"2023-07-06T18:36:15","modified_gmt":"2023-07-06T18:36:15","slug":"servicos","status":"publish","type":"page","link":"https:\/\/ivsoncoelho.adv.br\/site\/servicos\/","title":{"rendered":"Servi\u00e7os"},"content":{"rendered":"<div class=\"wpb-content-wrapper\"><p>[vc_row content_placement=&#8221;top&#8221; row_content_width=&#8221;grid&#8221; css=&#8221;.vc_custom_1520863362720{padding-top: 138px !important;padding-bottom: 139px !important;}&#8221;][vc_column]<div class=\"mkdf-elements-holder   mkdf-two-columns  mkdf-responsive-mode-1024 mkdf-one-column-alignment-left\" ><div class=\"mkdf-eh-item  mkdf-vertical-alignment-top   \"  data-item-class=\"mkdf-eh-custom-5921\" data-680=\"0px 0px\">\n\t<div class=\"mkdf-eh-item-inner\">\n\t\t<div class=\"mkdf-eh-item-content mkdf-eh-custom-5921\" style=\"padding: 0px 30px 0px 0px\">\n\t\t\t<div class=\"mkdf-accordion-holder mkdf-ac-default  mkdf-accordion mkdf-ac-boxed mkdf-white-skin clearfix\">\n\t<p class=\"mkdf-accordion-title\">\n    <span class=\"mkdf-accordion-mark\">\n\t\t<span class=\"mkdf_icon_plus icon_plus\"><\/span>\n\t\t<span class=\"mkdf_icon_minus icon_minus-06\"><\/span>\n\t<\/span>\n\t<span class=\"mkdf-tab-title\">Consultoria<\/span>\n<\/p>\n<div class=\"mkdf-accordion-content\">\n\t<div class=\"mkdf-accordion-content-inner\">\n\t\t[vc_column_text]<span style=\"font-weight: 400;\">\u2022 Elabora\u00e7\u00e3o de pareceres, consultas e orienta\u00e7\u00f5es sobre todos os tributos, especialmente Imposto Sobre Circula\u00e7\u00e3o de Mercadorias e Servi\u00e7os \u2013 ICMS e impostos e contribui\u00e7\u00f5es federais.<\/span><span style=\"font-weight: 400;\"><br \/>\n<\/span><span style=\"font-weight: 400;\">\u2022 Elabora\u00e7\u00e3o, implementa\u00e7\u00e3o e revis\u00e3o de planejamentos tribut\u00e1rios.<\/span><span style=\"font-weight: 400;\"><br \/>\n<\/span><span style=\"font-weight: 400;\">\u2022 Elabora\u00e7\u00e3o e implementa\u00e7\u00e3o de planejamentos sucess\u00f3rios.<\/span>[\/vc_column_text]\t<\/div>\n<\/div><p class=\"mkdf-accordion-title\">\n    <span class=\"mkdf-accordion-mark\">\n\t\t<span class=\"mkdf_icon_plus icon_plus\"><\/span>\n\t\t<span class=\"mkdf_icon_minus icon_minus-06\"><\/span>\n\t<\/span>\n\t<span class=\"mkdf-tab-title\">Contencioso Administrativo<\/span>\n<\/p>\n<div class=\"mkdf-accordion-content\">\n\t<div class=\"mkdf-accordion-content-inner\">\n\t\t[vc_column_text]<span style=\"font-weight: 400;\">\u2022 Defesa contra autua\u00e7\u00f5es tribut\u00e1rias federais (inclusive contribui\u00e7\u00f5es previdenci\u00e1rias), estaduais e municipais.<\/span><span style=\"font-weight: 400;\"><br \/>\n<\/span><span style=\"font-weight: 400;\">\u2022 Atua\u00e7\u00e3o em processos de compensa\u00e7\u00e3o ou restitui\u00e7\u00e3o de tributos, cassa\u00e7\u00e3o de imunidade, obten\u00e7\u00e3o de certid\u00e3o de regularidade fiscal e outros.<\/span><span style=\"font-weight: 400;\"><br \/>\n<\/span><span style=\"font-weight: 400;\">\u2022 Produ\u00e7\u00e3o de memoriais e sustenta\u00e7\u00f5es orais em Tribunais administrativos.<\/span>[\/vc_column_text]\t<\/div>\n<\/div><p class=\"mkdf-accordion-title\">\n    <span class=\"mkdf-accordion-mark\">\n\t\t<span class=\"mkdf_icon_plus icon_plus\"><\/span>\n\t\t<span class=\"mkdf_icon_minus icon_minus-06\"><\/span>\n\t<\/span>\n\t<span class=\"mkdf-tab-title\">Contencioso Judicial<\/span>\n<\/p>\n<div class=\"mkdf-accordion-content\">\n\t<div class=\"mkdf-accordion-content-inner\">\n\t\t[vc_column_text]<span style=\"font-weight: 400;\">\u2022 Atua\u00e7\u00e3o em todos os procedimentos judiciais tribut\u00e1rios (mandados de seguran\u00e7a, embargos \u00e0 execu\u00e7\u00e3o fiscal, a\u00e7\u00f5es de repeti\u00e7\u00e3o<\/span><span style=\"font-weight: 400;\"><br \/>\n<\/span><span style=\"font-weight: 400;\">do ind\u00e9bito, a\u00e7\u00f5es anulat\u00f3rias de d\u00e9bitos fiscais, etc.).<\/span><span style=\"font-weight: 400;\"><br \/>\n<\/span><span style=\"font-weight: 400;\">\u2022 Atua\u00e7\u00e3o no controle concentrado de constitucionalidade (a\u00e7\u00f5es diretas de inconstitucionalidade, de inconstitucionalidade por omiss\u00e3o, de constitucionalidade e argui\u00e7\u00f5es de descumprimento de preceito fundamental).<\/span><span style=\"font-weight: 400;\"><br \/>\n<\/span><span style=\"font-weight: 400;\">\u2022 Atua\u00e7\u00e3o em leading cases (recursos extraordin\u00e1rios com repercuss\u00e3o geral, recursos especiais repetitivos, incidentes de<\/span><span style=\"font-weight: 400;\"><br \/>\n<\/span><span style=\"font-weight: 400;\">resolu\u00e7\u00e3o de demandas repetitivas).<\/span><span style=\"font-weight: 400;\"><br \/>\n<\/span><span style=\"font-weight: 400;\">\u2022 Produ\u00e7\u00e3o de memoriais e sustenta\u00e7\u00f5es orais em Tribunais de Justi\u00e7a, Tribunais Regionais Federais, no STJ e no STF.<\/span>[\/vc_column_text]\t<\/div>\n<\/div><p class=\"mkdf-accordion-title\">\n    <span class=\"mkdf-accordion-mark\">\n\t\t<span class=\"mkdf_icon_plus icon_plus\"><\/span>\n\t\t<span class=\"mkdf_icon_minus icon_minus-06\"><\/span>\n\t<\/span>\n\t<span class=\"mkdf-tab-title\">Advocacia junto aos Tribunais Superiores<\/span>\n<\/p>\n<div class=\"mkdf-accordion-content\">\n\t<div class=\"mkdf-accordion-content-inner\">\n\t\t[vc_column_text]<span style=\"font-weight: 400;\">\u2022 Atua\u00e7\u00e3o no controle concentrado de constitucionalidade (a\u00e7\u00f5es diretas de inconstitucionalidade, de inconstitucionalidade por omiss\u00e3o, de constitucionalidade e argui\u00e7\u00f5es de descumprimento de preceito fundamental).<\/span><span style=\"font-weight: 400;\"><br \/>\n<\/span><span style=\"font-weight: 400;\">\u2022 Atua\u00e7\u00e3o em leading cases (recursos extraordin\u00e1rios com repercuss\u00e3o geral, recursos especiais repetitivos, incidentes de resolu\u00e7\u00e3o de demandas repetitivas).<\/span><span style=\"font-weight: 400;\"><br \/>\n<\/span><span style=\"font-weight: 400;\">\u2022 Produ\u00e7\u00e3o de memoriais e sustenta\u00e7\u00f5es orais em Tribunais de Justi\u00e7a, Tribunais Regionais Federais, no STJ e no STF.<\/span>[\/vc_column_text]\t<\/div>\n<\/div><p class=\"mkdf-accordion-title\">\n    <span class=\"mkdf-accordion-mark\">\n\t\t<span class=\"mkdf_icon_plus icon_plus\"><\/span>\n\t\t<span class=\"mkdf_icon_minus icon_minus-06\"><\/span>\n\t<\/span>\n\t<span class=\"mkdf-tab-title\">Direito Administrativo e Advocacia junto aos Tribunais de Contas<\/span>\n<\/p>\n<div class=\"mkdf-accordion-content\">\n\t<div class=\"mkdf-accordion-content-inner\">\n\t\t[vc_column_text]<\/p>\n<ul>\n<li><span style=\"font-weight: 400;\"> Atua\u00e7\u00e3o perante a Administra\u00e7\u00e3o P\u00fablica e junto aos Tribunais de Contas, elaborando defesas e memoriais, recursos, sustenta\u00e7\u00f5es orais, especialmente nas seguintes mat\u00e9rias;<\/span><\/li>\n<\/ul>\n<ul>\n<li style=\"font-weight: 400;\" aria-level=\"1\"><span style=\"font-weight: 400;\">Impugna\u00e7\u00e3o administrativa e judicial de editais de licita\u00e7\u00e3o<\/span><\/li>\n<li style=\"font-weight: 400;\" aria-level=\"1\"><span style=\"font-weight: 400;\">Acompanhamento de processos licitat\u00f3rios<\/span><\/li>\n<li style=\"font-weight: 400;\" aria-level=\"1\"><span style=\"font-weight: 400;\">Assessoria em procedimentos de dispensa e inexigibilidade de licita\u00e7\u00e3o<\/span><\/li>\n<li style=\"font-weight: 400;\" aria-level=\"1\"><span style=\"font-weight: 400;\">Impugna\u00e7\u00e3o judicial de decis\u00f5es relacionadas a processos licitat\u00f3rios<\/span><\/li>\n<li style=\"font-weight: 400;\" aria-level=\"1\"><span style=\"font-weight: 400;\">Consultoria jur\u00eddica no \u00e2mbito da execu\u00e7\u00e3o de contratos administrativos<\/span><\/li>\n<li style=\"font-weight: 400;\" aria-level=\"1\"><span style=\"font-weight: 400;\">Elabora\u00e7\u00e3o de pleitos relacionados a contratos administrativos<\/span><\/li>\n<li style=\"font-weight: 400;\" aria-level=\"1\"><span style=\"font-weight: 400;\">Pedidos de reequil\u00edbrio econ\u00f4mico-financeiro de contratos administrativos<\/span><\/li>\n<li style=\"font-weight: 400;\" aria-level=\"1\"><span style=\"font-weight: 400;\">Atua\u00e7\u00e3o judicial em defesa dos interesses do contratado<\/span><\/li>\n<li style=\"font-weight: 400;\" aria-level=\"1\"><span style=\"font-weight: 400;\">Processos sancionat\u00f3rios<\/span><\/li>\n<li style=\"font-weight: 400;\" aria-level=\"1\"><span style=\"font-weight: 400;\">Improbidade administrativa<\/span><\/li>\n<li style=\"font-weight: 400;\" aria-level=\"1\"><span style=\"font-weight: 400;\">Atua\u00e7\u00e3o perante \u00f3rg\u00e3os de controle interno e externo<\/span><\/li>\n<\/ul>\n<p>[\/vc_column_text]\t<\/div>\n<\/div><\/div>[vc_empty_space height=&#8221;68px&#8221;]\t\t<\/div>\n\t<\/div>\n<\/div><div class=\"mkdf-eh-item  mkdf-vertical-alignment-top mkdf-horizontal-alignment-right  \" style=\"background-image: url()\" data-item-class=\"mkdf-eh-custom-2195\">\n\t<div class=\"mkdf-eh-item-inner\">\n\t\t<div class=\"mkdf-eh-item-content mkdf-eh-custom-2195\" style=\"padding: 0px 0px\">\n\t\t\t<div class=\"mkdf-single-image-holder   \">\n    <div class=\"mkdf-si-inner\" >\n                                    <img loading=\"lazy\" decoding=\"async\" width=\"1024\" height=\"654\" src=\"https:\/\/ivsoncoelho.adv.br\/site\/wp-content\/uploads\/2018\/03\/h2-img-1.jpg\" class=\"attachment-full size-full\" alt=\"t\" srcset=\"https:\/\/ivsoncoelho.adv.br\/site\/wp-content\/uploads\/2018\/03\/h2-img-1.jpg 1024w, https:\/\/ivsoncoelho.adv.br\/site\/wp-content\/uploads\/2018\/03\/h2-img-1-300x192.jpg 300w, https:\/\/ivsoncoelho.adv.br\/site\/wp-content\/uploads\/2018\/03\/h2-img-1-768x491.jpg 768w\" sizes=\"auto, (max-width: 1024px) 100vw, 1024px\" \/>                        <\/div>\n<\/div>\t\t<\/div>\n\t<\/div>\n<\/div><\/div>[\/vc_column][\/vc_row][vc_row content_text_aligment=&#8221;center&#8221; simple_background_color=&#8221;#aa9166&#8243; css=&#8221;.vc_custom_1688668571665{padding-top: 33px !important;padding-bottom: 57px !important;background-color: #50192c !important;}&#8221; el_class=&#8221;call-us&#8221;][vc_column css=&#8221;.vc_custom_1688668548217{background-color: #50192c !important;}&#8221;][vc_column_text]<\/p>\n<h4><span style=\"color: #ffffff;\">Ficou com alguma d\u00favida? Ligue <\/span><a href=\"tel:+559232371202\">(92) 3237-1202<\/a><\/h4>\n<p>[\/vc_column_text][\/vc_column][\/vc_row]<\/p>\n<\/div>","protected":false},"excerpt":{"rendered":"<p>[vc_row content_placement=&#8221;top&#8221; row_content_width=&#8221;grid&#8221; css=&#8221;.vc_custom_1520863362720{padding-top: 138px !important;padding-bottom: 139px !important;}&#8221;][vc_column][\/vc_column][\/vc_row][vc_row content_text_aligment=&#8221;center&#8221; simple_background_color=&#8221;#aa9166&#8243; css=&#8221;.vc_custom_1688668571665{padding-top: 33px !important;padding-bottom: 57px !important;background-color: #50192c !important;}&#8221; el_class=&#8221;call-us&#8221;][vc_column css=&#8221;.vc_custom_1688668548217{background-color: #50192c !important;}&#8221;][vc_column_text] Ficou com alguma d\u00favida? Ligue (92) 3237-1202 [\/vc_column_text][\/vc_column][\/vc_row]<\/p>\n","protected":false},"author":2,"featured_media":0,"parent":0,"menu_order":0,"comment_status":"closed","ping_status":"closed","template":"full-width.php","meta":{"footnotes":""},"class_list":["post-719","page","type-page","status-publish","hentry"],"yoast_head":"<!-- This site is optimized with the Yoast SEO plugin v26.9 - https:\/\/yoast.com\/product\/yoast-seo-wordpress\/ -->\n<title>Servi\u00e7os - Dr. Ivson Coelho<\/title>\n<meta name=\"robots\" content=\"index, follow, max-snippet:-1, max-image-preview:large, max-video-preview:-1\" \/>\n<link rel=\"canonical\" href=\"https:\/\/ivsoncoelho.adv.br\/site\/servicos\/\" \/>\n<meta property=\"og:locale\" content=\"pt_PT\" \/>\n<meta property=\"og:type\" content=\"article\" \/>\n<meta property=\"og:title\" content=\"Servi\u00e7os - Dr. Ivson Coelho\" \/>\n<meta property=\"og:description\" content=\"[vc_row content_placement=&#8221;top&#8221; row_content_width=&#8221;grid&#8221; css=&#8221;.vc_custom_1520863362720{padding-top: 138px !important;padding-bottom: 139px !important;}&#8221;][vc_column][\/vc_column][\/vc_row][vc_row content_text_aligment=&#8221;center&#8221; simple_background_color=&#8221;#aa9166&#8243; css=&#8221;.vc_custom_1688668571665{padding-top: 33px !important;padding-bottom: 57px !important;background-color: #50192c !important;}&#8221; el_class=&#8221;call-us&#8221;][vc_column css=&#8221;.vc_custom_1688668548217{background-color: #50192c !important;}&#8221;][vc_column_text] Ficou com alguma d\u00favida? Ligue (92) 3237-1202 [\/vc_column_text][\/vc_column][\/vc_row]\" \/>\n<meta property=\"og:url\" content=\"https:\/\/ivsoncoelho.adv.br\/site\/servicos\/\" \/>\n<meta property=\"og:site_name\" content=\"Dr. Ivson Coelho\" \/>\n<meta property=\"article:modified_time\" content=\"2023-07-06T18:36:15+00:00\" \/>\n<meta name=\"twitter:card\" content=\"summary_large_image\" \/>\n<meta name=\"twitter:label1\" content=\"Tempo estimado de leitura\" \/>\n\t<meta name=\"twitter:data1\" content=\"3 minutos\" \/>\n<script type=\"application\/ld+json\" class=\"yoast-schema-graph\">{\"@context\":\"https:\/\/schema.org\",\"@graph\":[{\"@type\":\"WebPage\",\"@id\":\"https:\/\/ivsoncoelho.adv.br\/site\/servicos\/\",\"url\":\"https:\/\/ivsoncoelho.adv.br\/site\/servicos\/\",\"name\":\"Servi\u00e7os - Dr. Ivson Coelho\",\"isPartOf\":{\"@id\":\"https:\/\/ivsoncoelho.adv.br\/site\/#website\"},\"datePublished\":\"2018-03-08T10:09:02+00:00\",\"dateModified\":\"2023-07-06T18:36:15+00:00\",\"breadcrumb\":{\"@id\":\"https:\/\/ivsoncoelho.adv.br\/site\/servicos\/#breadcrumb\"},\"inLanguage\":\"pt-PT\",\"potentialAction\":[{\"@type\":\"ReadAction\",\"target\":[\"https:\/\/ivsoncoelho.adv.br\/site\/servicos\/\"]}]},{\"@type\":\"BreadcrumbList\",\"@id\":\"https:\/\/ivsoncoelho.adv.br\/site\/servicos\/#breadcrumb\",\"itemListElement\":[{\"@type\":\"ListItem\",\"position\":1,\"name\":\"Home\",\"item\":\"https:\/\/ivsoncoelho.adv.br\/site\/\"},{\"@type\":\"ListItem\",\"position\":2,\"name\":\"Servi\u00e7os\"}]},{\"@type\":\"WebSite\",\"@id\":\"https:\/\/ivsoncoelho.adv.br\/site\/#website\",\"url\":\"https:\/\/ivsoncoelho.adv.br\/site\/\",\"name\":\"Dr. Ivson Coelho\",\"description\":\"Escrit\u00f3rio Jur\u00eddico especializado em Direito Tribut\u00e1rio\",\"potentialAction\":[{\"@type\":\"SearchAction\",\"target\":{\"@type\":\"EntryPoint\",\"urlTemplate\":\"https:\/\/ivsoncoelho.adv.br\/site\/?s={search_term_string}\"},\"query-input\":{\"@type\":\"PropertyValueSpecification\",\"valueRequired\":true,\"valueName\":\"search_term_string\"}}],\"inLanguage\":\"pt-PT\"}]}<\/script>\n<!-- \/ Yoast SEO plugin. -->","yoast_head_json":{"title":"Servi\u00e7os - Dr. Ivson Coelho","robots":{"index":"index","follow":"follow","max-snippet":"max-snippet:-1","max-image-preview":"max-image-preview:large","max-video-preview":"max-video-preview:-1"},"canonical":"https:\/\/ivsoncoelho.adv.br\/site\/servicos\/","og_locale":"pt_PT","og_type":"article","og_title":"Servi\u00e7os - Dr. Ivson Coelho","og_description":"[vc_row content_placement=&#8221;top&#8221; row_content_width=&#8221;grid&#8221; css=&#8221;.vc_custom_1520863362720{padding-top: 138px !important;padding-bottom: 139px !important;}&#8221;][vc_column][\/vc_column][\/vc_row][vc_row content_text_aligment=&#8221;center&#8221; simple_background_color=&#8221;#aa9166&#8243; css=&#8221;.vc_custom_1688668571665{padding-top: 33px !important;padding-bottom: 57px !important;background-color: #50192c !important;}&#8221; el_class=&#8221;call-us&#8221;][vc_column css=&#8221;.vc_custom_1688668548217{background-color: #50192c !important;}&#8221;][vc_column_text] Ficou com alguma d\u00favida? Ligue (92) 3237-1202 [\/vc_column_text][\/vc_column][\/vc_row]","og_url":"https:\/\/ivsoncoelho.adv.br\/site\/servicos\/","og_site_name":"Dr. Ivson Coelho","article_modified_time":"2023-07-06T18:36:15+00:00","twitter_card":"summary_large_image","twitter_misc":{"Tempo estimado de leitura":"3 minutos"},"schema":{"@context":"https:\/\/schema.org","@graph":[{"@type":"WebPage","@id":"https:\/\/ivsoncoelho.adv.br\/site\/servicos\/","url":"https:\/\/ivsoncoelho.adv.br\/site\/servicos\/","name":"Servi\u00e7os - Dr. Ivson Coelho","isPartOf":{"@id":"https:\/\/ivsoncoelho.adv.br\/site\/#website"},"datePublished":"2018-03-08T10:09:02+00:00","dateModified":"2023-07-06T18:36:15+00:00","breadcrumb":{"@id":"https:\/\/ivsoncoelho.adv.br\/site\/servicos\/#breadcrumb"},"inLanguage":"pt-PT","potentialAction":[{"@type":"ReadAction","target":["https:\/\/ivsoncoelho.adv.br\/site\/servicos\/"]}]},{"@type":"BreadcrumbList","@id":"https:\/\/ivsoncoelho.adv.br\/site\/servicos\/#breadcrumb","itemListElement":[{"@type":"ListItem","position":1,"name":"Home","item":"https:\/\/ivsoncoelho.adv.br\/site\/"},{"@type":"ListItem","position":2,"name":"Servi\u00e7os"}]},{"@type":"WebSite","@id":"https:\/\/ivsoncoelho.adv.br\/site\/#website","url":"https:\/\/ivsoncoelho.adv.br\/site\/","name":"Dr. Ivson Coelho","description":"Escrit\u00f3rio Jur\u00eddico especializado em Direito Tribut\u00e1rio","potentialAction":[{"@type":"SearchAction","target":{"@type":"EntryPoint","urlTemplate":"https:\/\/ivsoncoelho.adv.br\/site\/?s={search_term_string}"},"query-input":{"@type":"PropertyValueSpecification","valueRequired":true,"valueName":"search_term_string"}}],"inLanguage":"pt-PT"}]}},"_links":{"self":[{"href":"https:\/\/ivsoncoelho.adv.br\/site\/wp-json\/wp\/v2\/pages\/719","targetHints":{"allow":["GET"]}}],"collection":[{"href":"https:\/\/ivsoncoelho.adv.br\/site\/wp-json\/wp\/v2\/pages"}],"about":[{"href":"https:\/\/ivsoncoelho.adv.br\/site\/wp-json\/wp\/v2\/types\/page"}],"author":[{"embeddable":true,"href":"https:\/\/ivsoncoelho.adv.br\/site\/wp-json\/wp\/v2\/users\/2"}],"replies":[{"embeddable":true,"href":"https:\/\/ivsoncoelho.adv.br\/site\/wp-json\/wp\/v2\/comments?post=719"}],"version-history":[{"count":7,"href":"https:\/\/ivsoncoelho.adv.br\/site\/wp-json\/wp\/v2\/pages\/719\/revisions"}],"predecessor-version":[{"id":3799,"href":"https:\/\/ivsoncoelho.adv.br\/site\/wp-json\/wp\/v2\/pages\/719\/revisions\/3799"}],"wp:attachment":[{"href":"https:\/\/ivsoncoelho.adv.br\/site\/wp-json\/wp\/v2\/media?parent=719"}],"curies":[{"name":"wp","href":"https:\/\/api.w.org\/{rel}","templated":true}]}}