{"id":4214,"date":"2024-11-11T18:39:05","date_gmt":"2024-11-11T18:39:05","guid":{"rendered":"https:\/\/ivsoncoelho.adv.br\/site\/?page_id=4214"},"modified":"2024-11-11T19:11:22","modified_gmt":"2024-11-11T19:11:22","slug":"artigos","status":"publish","type":"page","link":"https:\/\/ivsoncoelho.adv.br\/site\/artigos\/","title":{"rendered":"Artigos"},"content":{"rendered":"<div class=\"wpb-content-wrapper\"><p>[vc_row][vc_column][vc_column_text css=&#8221;&#8221;]<a href=\"https:\/\/www.estadao.com.br\/politica\/blog-do-fausto-macedo\/reforma-tributaria-pode-quadruplicar-imposto-sobre-herancas\/\"><b>Estad\u00e3o | Reforma tribut\u00e1ria pode quadruplicar imposto sobre heran\u00e7as<\/b><\/a><\/p>\n<p><a href=\"https:\/\/www.migalhas.com.br\/depeso\/416140\/reforma-tributaria-pode-quadruplicar-imposto-sobre-herancas\"><b>Migalhas | Reforma tribut\u00e1ria pode quadruplicar imposto sobre heran\u00e7as<\/b><\/a><\/p>\n<p><a href=\"https:\/\/matogrossoeconomico.com.br\/economia\/reforma-tributaria-pode-quadruplicar-imposto-sobre-herancas-alerta-tributarista\/\"><b>Mato Grosso Econ\u00f4mico | Reforma tribut\u00e1ria pode quadruplicar imposto sobre heran\u00e7as, alerta tributarista<\/b><\/a><span style=\"font-weight: 400;\">\u00a0<\/span><\/p>\n<p><a href=\"https:\/\/revistacapitaleconomico.com.br\/reforma-tributaria-pode-quadruplicar-imposto-sobre-herancas\/\"><b>Capital Econ\u00f4mico | Reforma tribut\u00e1ria pode quadruplicar imposto sobre heran\u00e7as<\/b><\/a><\/p>\n<p><a href=\"https:\/\/sugestaodepauta.com\/sem-categoria\/reforma-tributaria-pode-quadruplicar-imposto-sobre-herancas\/\"><b>Sugest\u00e3o de Pauta | Reforma tribut\u00e1ria pode quadruplicar imposto sobre heran\u00e7as<\/b><\/a><\/p>\n<p><a href=\"https:\/\/www.jornaldocomercio.com\/cadernos\/jc-contabilidade\/2024\/10\/1177231-reforma-tributaria-pode-quadruplicar-imposto-sobre-herancas.html\"><b>Jornal do Com\u00e9rcio | Reforma tribut\u00e1ria pode quadruplicar imposto sobre heran\u00e7as<\/b><\/a><\/p>\n<p><a href=\"https:\/\/portalcontabilsc.com.br\/artigos\/reforma-tributaria-pode-quadruplicar-imposto-sobre-herancas\/\"><b>Portal Cont\u00e1bil SC | Reforma tribut\u00e1ria pode quadruplicar imposto sobre heran\u00e7as<\/b><\/a><\/p>\n<p><a href=\"https:\/\/www.jornalcontabil.com.br\/reforma-tributaria-pode-quadruplicar-imposto-sobre-herancas\/\"><b>Jornal Cont\u00e1bil | Reforma tribut\u00e1ria pode quadruplicar imposto sobre heran\u00e7as<\/b><\/a><\/p>\n<p><a href=\"https:\/\/sinfrerj.com.br\/conteudo\/7389\/reforma-tributaria-pode-quadruplicar-imposto-sobre-herancas\"><b>Sinfrerj | Reforma tribut\u00e1ria pode quadruplicar imposto sobre heran\u00e7as<\/b><\/a><\/p>\n<p><a href=\"https:\/\/www.terra.com.br\/economia\/imposto-para-multinacionais-afeta-a-competitividade-do-pais,efb94af10d694e12c8c25a6bc26a14cet0bjtbbh.html\"><b>Terra | Imposto para multinacionais afeta a competitividade do pa\u00eds<\/b><\/a><\/p>\n<p><a href=\"https:\/\/www.contadores.cnt.br\/noticias\/artigos\/2024\/10\/11\/aplicabilidade-de-tributacao-de-bets-ainda-enfrenta-desafios-regulatorios-no-brasil.html#google_vignette\"><b>Contadores | Aplicabilidade de tributa\u00e7\u00e3o de bets ainda enfrenta desafios regulat\u00f3rios no Brasil<\/b><\/a><\/p>\n<p><b><a href=\"https:\/\/esucessu.com.br\/noticias\/artigos\/2024\/10\/11\/aplicabilidade-de-tributacao-de-bets-ainda-enfrenta-desafios-regulatorios-no-brasil.html\">Sucessu Consulting | Aplicabilidade de tributa\u00e7\u00e3o de bets ainda enfrenta desafios regulat\u00f3rios no Brasil<\/a>\u00a0<\/b><\/p>\n<p><a href=\"https:\/\/suchodolak.cnt.br\/noticias\/artigos\/2024\/10\/11\/aplicabilidade-de-tributacao-de-bets-ainda-enfrenta-desafios-regulatorios-no-brasil.html\"><b>Suchodolak | Aplicabilidade de tributa\u00e7\u00e3o de bets ainda enfrenta desafios regulat\u00f3rios no Brasil<\/b><\/a><\/p>\n<p><a href=\"https:\/\/www.allmaster.com.br\/noticias\/artigos\/2024\/10\/11\/aplicabilidade-de-tributacao-de-bets-ainda-enfrenta-desafios-regulatorios-no-brasil.html\"><b>All Master | Aplicabilidade de tributa\u00e7\u00e3o de bets ainda enfrenta desafios regulat\u00f3rios no Brasil<\/b><\/a><\/p>\n<p><a href=\"https:\/\/contaaconta.com.br\/noticias\/artigos\/2024\/10\/11\/aplicabilidade-de-tributacao-de-bets-ainda-enfrenta-desafios-regulatorios-no-brasil.html\"><b>Conta a Conta |\u00a0 Aplicabilidade de tributa\u00e7\u00e3o de bets ainda enfrenta desafios regulat\u00f3rios no Brasil<\/b><\/a><\/p>\n<p><a href=\"https:\/\/www.ggccontabilidadeassessoria.com.br\/noticias\/artigos\/2024\/10\/11\/aplicabilidade-de-tributacao-de-bets-ainda-enfrenta-desafios-regulatorios-no-brasil.html\"><b>GGC Contabilidade e Assessoria | Aplicabilidade de tributa\u00e7\u00e3o de bets ainda enfrenta desafios regulat\u00f3rios no Brasil<\/b><\/a><\/p>\n<p><a href=\"https:\/\/staffcontabilidade.com\/noticias\/artigos\/2024\/10\/11\/aplicabilidade-de-tributacao-de-bets-ainda-enfrenta-desafios-regulatorios-no-brasil.html\"><b>Staff Contabilidade | Aplicabilidade de tributa\u00e7\u00e3o de bets ainda enfrenta desafios regulat\u00f3rios no Brasil<\/b><\/a><\/p>\n<p><a href=\"https:\/\/www.jornalcontabil.com.br\/aplicabilidade-de-tributacao-de-bets-ainda-enfrenta-desafios-regulatorios-no-brasil\/\"><b>Jornal Cont\u00e1bil | Aplicabilidade de tributa\u00e7\u00e3o de bets ainda enfrenta desafios regulat\u00f3rios no Brasil<\/b><\/a><\/p>\n<p><a href=\"https:\/\/www.youtube.com\/live\/cE20ovBMNSg?si=CK_0HW7rLAB1VO0i&amp;t=7388\"><b>Jornal da Rios | Reforma Tribut\u00e1ria: Advogado explica sobre o impacto na Zona Franca de Manaus<\/b><\/a><\/p>\n<p><a href=\"https:\/\/itaqueraemnoticias.com.br\/noticia\/106536\/os-desafios-da-reforma-tributaria-para-a-zona-franca-de-manaus-incertezas-e-impactos-na-competitividade-regional\"><b>Jornal Itaquera | Os desafios da Reforma Tribut\u00e1ria para a Zona Franca de Manaus: incertezas e impactos na competitividade regional<\/b><\/a><span style=\"font-weight: 400;\">\u00a0<\/span><\/p>\n<p><a href=\"https:\/\/www.bgcontabilidade.cnt.br\/noticias\/artigos\/2024\/09\/11\/a-involucao-da-questao-tributaria-brasileira-diante-da-incidencia-do-iss-na-base-do-pis-cofins.html\"><b>BG Contabilidade | A involu\u00e7\u00e3o da quest\u00e3o tribut\u00e1ria brasileira diante da incid\u00eancia do ISS na base do PIS\/COFINS<\/b><\/a><\/p>\n<p><b><a href=\"https:\/\/contaaconta.com.br\/noticias\/artigos\/2024\/09\/11\/a-involucao-da-questao-tributaria-brasileira-diante-da-incidencia-do-iss-na-base-do-pis-cofins.html\">Conta a Conta | A involu\u00e7\u00e3o da quest\u00e3o tribut\u00e1ria brasileira diante da incid\u00eancia do ISS na base do PIS\/COFINS<\/a>\u00a0<\/b><\/p>\n<p><b><a href=\"https:\/\/esucessu.com.br\/noticias\/artigos\/2024\/09\/11\/a-involucao-da-questao-tributaria-brasileira-diante-da-incidencia-do-iss-na-base-do-pis-cofins.html\">Sucessu Consulting | A involu\u00e7\u00e3o da quest\u00e3o tribut\u00e1ria brasileira diante da incid\u00eancia do ISS na base do PIS\/COFINS<\/a>\u00a0<\/b><\/p>\n<p><a href=\"https:\/\/diariodejustica.com.br\/a-involucao-da-questao-tributaria-brasileira-diante-da-incidencia-do-iss-na-base-do-pis-cofins\/\"><b>Di\u00e1rio de Justi\u00e7a | A involu\u00e7\u00e3o da quest\u00e3o tribut\u00e1ria brasileira diante da incid\u00eancia do ISS na base do PIS\/COFINS<\/b><\/a><span style=\"font-weight: 400;\">\u00a0<\/span><\/p>\n<p><b><a href=\"https:\/\/www.contadores.cnt.br\/noticias\/artigos\/2024\/09\/11\/a-involucao-da-questao-tributaria-brasileira-diante-da-incidencia-do-iss-na-base-do-pis-cofins.html#google_vignette\">Contadores | A involu\u00e7\u00e3o da quest\u00e3o tribut\u00e1ria brasileira diante da incid\u00eancia do ISS na base do PIS\/COFINS<\/a>\u00a0<\/b><\/p>\n<p><a href=\"https:\/\/www.jornaljurid.com.br\/noticias\/a-involucao-da-questao-tributaria-brasileira-diante-da-incidencia-do-iss-na-base-do-piscofins\"><b>Jornal Jurid | A involu\u00e7\u00e3o da quest\u00e3o tribut\u00e1ria brasileira diante da incid\u00eancia do ISS na base do PIS\/COFINS<\/b><\/a>[\/vc_column_text][\/vc_column][\/vc_row]<\/p>\n<\/div>","protected":false},"excerpt":{"rendered":"<p>[vc_row][vc_column][vc_column_text css=&#8221;&#8221;]Estad\u00e3o | Reforma tribut\u00e1ria pode quadruplicar imposto sobre heran\u00e7as Migalhas | Reforma tribut\u00e1ria pode quadruplicar imposto sobre heran\u00e7as Mato Grosso Econ\u00f4mico | Reforma tribut\u00e1ria pode quadruplicar imposto sobre heran\u00e7as, alerta tributarista\u00a0 Capital Econ\u00f4mico | Reforma tribut\u00e1ria pode quadruplicar imposto sobre heran\u00e7as Sugest\u00e3o de Pauta | Reforma tribut\u00e1ria pode quadruplicar [&hellip;]<\/p>\n","protected":false},"author":2,"featured_media":0,"parent":0,"menu_order":0,"comment_status":"closed","ping_status":"closed","template":"","meta":{"footnotes":""},"class_list":["post-4214","page","type-page","status-publish","hentry"],"yoast_head":"<!-- This site is optimized with the Yoast SEO plugin v26.9 - https:\/\/yoast.com\/product\/yoast-seo-wordpress\/ -->\n<title>Artigos - Dr. Ivson Coelho<\/title>\n<meta name=\"robots\" content=\"index, follow, max-snippet:-1, max-image-preview:large, max-video-preview:-1\" \/>\n<link rel=\"canonical\" href=\"https:\/\/ivsoncoelho.adv.br\/site\/artigos\/\" \/>\n<meta property=\"og:locale\" content=\"pt_PT\" \/>\n<meta property=\"og:type\" content=\"article\" \/>\n<meta property=\"og:title\" content=\"Artigos - Dr. Ivson Coelho\" \/>\n<meta property=\"og:description\" content=\"[vc_row][vc_column][vc_column_text css=&#8221;&#8221;]Estad\u00e3o | Reforma tribut\u00e1ria pode quadruplicar imposto sobre heran\u00e7as Migalhas | Reforma tribut\u00e1ria pode quadruplicar imposto sobre heran\u00e7as Mato Grosso Econ\u00f4mico | Reforma tribut\u00e1ria pode quadruplicar imposto sobre heran\u00e7as, alerta tributarista\u00a0 Capital Econ\u00f4mico | Reforma tribut\u00e1ria pode quadruplicar imposto sobre heran\u00e7as Sugest\u00e3o de Pauta | Reforma tribut\u00e1ria pode quadruplicar [&hellip;]\" \/>\n<meta property=\"og:url\" content=\"https:\/\/ivsoncoelho.adv.br\/site\/artigos\/\" \/>\n<meta property=\"og:site_name\" content=\"Dr. Ivson Coelho\" \/>\n<meta property=\"article:modified_time\" content=\"2024-11-11T19:11:22+00:00\" \/>\n<meta name=\"twitter:card\" content=\"summary_large_image\" \/>\n<meta name=\"twitter:label1\" content=\"Tempo estimado de leitura\" \/>\n\t<meta name=\"twitter:data1\" content=\"3 minutos\" \/>\n<script type=\"application\/ld+json\" class=\"yoast-schema-graph\">{\"@context\":\"https:\/\/schema.org\",\"@graph\":[{\"@type\":\"WebPage\",\"@id\":\"https:\/\/ivsoncoelho.adv.br\/site\/artigos\/\",\"url\":\"https:\/\/ivsoncoelho.adv.br\/site\/artigos\/\",\"name\":\"Artigos - Dr. Ivson Coelho\",\"isPartOf\":{\"@id\":\"https:\/\/ivsoncoelho.adv.br\/site\/#website\"},\"datePublished\":\"2024-11-11T18:39:05+00:00\",\"dateModified\":\"2024-11-11T19:11:22+00:00\",\"breadcrumb\":{\"@id\":\"https:\/\/ivsoncoelho.adv.br\/site\/artigos\/#breadcrumb\"},\"inLanguage\":\"pt-PT\",\"potentialAction\":[{\"@type\":\"ReadAction\",\"target\":[\"https:\/\/ivsoncoelho.adv.br\/site\/artigos\/\"]}]},{\"@type\":\"BreadcrumbList\",\"@id\":\"https:\/\/ivsoncoelho.adv.br\/site\/artigos\/#breadcrumb\",\"itemListElement\":[{\"@type\":\"ListItem\",\"position\":1,\"name\":\"Home\",\"item\":\"https:\/\/ivsoncoelho.adv.br\/site\/\"},{\"@type\":\"ListItem\",\"position\":2,\"name\":\"Artigos\"}]},{\"@type\":\"WebSite\",\"@id\":\"https:\/\/ivsoncoelho.adv.br\/site\/#website\",\"url\":\"https:\/\/ivsoncoelho.adv.br\/site\/\",\"name\":\"Dr. Ivson Coelho\",\"description\":\"Escrit\u00f3rio Jur\u00eddico especializado em Direito Tribut\u00e1rio\",\"potentialAction\":[{\"@type\":\"SearchAction\",\"target\":{\"@type\":\"EntryPoint\",\"urlTemplate\":\"https:\/\/ivsoncoelho.adv.br\/site\/?s={search_term_string}\"},\"query-input\":{\"@type\":\"PropertyValueSpecification\",\"valueRequired\":true,\"valueName\":\"search_term_string\"}}],\"inLanguage\":\"pt-PT\"}]}<\/script>\n<!-- \/ Yoast SEO plugin. -->","yoast_head_json":{"title":"Artigos - Dr. Ivson Coelho","robots":{"index":"index","follow":"follow","max-snippet":"max-snippet:-1","max-image-preview":"max-image-preview:large","max-video-preview":"max-video-preview:-1"},"canonical":"https:\/\/ivsoncoelho.adv.br\/site\/artigos\/","og_locale":"pt_PT","og_type":"article","og_title":"Artigos - Dr. Ivson Coelho","og_description":"[vc_row][vc_column][vc_column_text css=&#8221;&#8221;]Estad\u00e3o | Reforma tribut\u00e1ria pode quadruplicar imposto sobre heran\u00e7as Migalhas | Reforma tribut\u00e1ria pode quadruplicar imposto sobre heran\u00e7as Mato Grosso Econ\u00f4mico | Reforma tribut\u00e1ria pode quadruplicar imposto sobre heran\u00e7as, alerta tributarista\u00a0 Capital Econ\u00f4mico | Reforma tribut\u00e1ria pode quadruplicar imposto sobre heran\u00e7as Sugest\u00e3o de Pauta | Reforma tribut\u00e1ria pode quadruplicar [&hellip;]","og_url":"https:\/\/ivsoncoelho.adv.br\/site\/artigos\/","og_site_name":"Dr. Ivson Coelho","article_modified_time":"2024-11-11T19:11:22+00:00","twitter_card":"summary_large_image","twitter_misc":{"Tempo estimado de leitura":"3 minutos"},"schema":{"@context":"https:\/\/schema.org","@graph":[{"@type":"WebPage","@id":"https:\/\/ivsoncoelho.adv.br\/site\/artigos\/","url":"https:\/\/ivsoncoelho.adv.br\/site\/artigos\/","name":"Artigos - Dr. Ivson Coelho","isPartOf":{"@id":"https:\/\/ivsoncoelho.adv.br\/site\/#website"},"datePublished":"2024-11-11T18:39:05+00:00","dateModified":"2024-11-11T19:11:22+00:00","breadcrumb":{"@id":"https:\/\/ivsoncoelho.adv.br\/site\/artigos\/#breadcrumb"},"inLanguage":"pt-PT","potentialAction":[{"@type":"ReadAction","target":["https:\/\/ivsoncoelho.adv.br\/site\/artigos\/"]}]},{"@type":"BreadcrumbList","@id":"https:\/\/ivsoncoelho.adv.br\/site\/artigos\/#breadcrumb","itemListElement":[{"@type":"ListItem","position":1,"name":"Home","item":"https:\/\/ivsoncoelho.adv.br\/site\/"},{"@type":"ListItem","position":2,"name":"Artigos"}]},{"@type":"WebSite","@id":"https:\/\/ivsoncoelho.adv.br\/site\/#website","url":"https:\/\/ivsoncoelho.adv.br\/site\/","name":"Dr. Ivson Coelho","description":"Escrit\u00f3rio Jur\u00eddico especializado em Direito Tribut\u00e1rio","potentialAction":[{"@type":"SearchAction","target":{"@type":"EntryPoint","urlTemplate":"https:\/\/ivsoncoelho.adv.br\/site\/?s={search_term_string}"},"query-input":{"@type":"PropertyValueSpecification","valueRequired":true,"valueName":"search_term_string"}}],"inLanguage":"pt-PT"}]}},"_links":{"self":[{"href":"https:\/\/ivsoncoelho.adv.br\/site\/wp-json\/wp\/v2\/pages\/4214","targetHints":{"allow":["GET"]}}],"collection":[{"href":"https:\/\/ivsoncoelho.adv.br\/site\/wp-json\/wp\/v2\/pages"}],"about":[{"href":"https:\/\/ivsoncoelho.adv.br\/site\/wp-json\/wp\/v2\/types\/page"}],"author":[{"embeddable":true,"href":"https:\/\/ivsoncoelho.adv.br\/site\/wp-json\/wp\/v2\/users\/2"}],"replies":[{"embeddable":true,"href":"https:\/\/ivsoncoelho.adv.br\/site\/wp-json\/wp\/v2\/comments?post=4214"}],"version-history":[{"count":4,"href":"https:\/\/ivsoncoelho.adv.br\/site\/wp-json\/wp\/v2\/pages\/4214\/revisions"}],"predecessor-version":[{"id":4219,"href":"https:\/\/ivsoncoelho.adv.br\/site\/wp-json\/wp\/v2\/pages\/4214\/revisions\/4219"}],"wp:attachment":[{"href":"https:\/\/ivsoncoelho.adv.br\/site\/wp-json\/wp\/v2\/media?parent=4214"}],"curies":[{"name":"wp","href":"https:\/\/api.w.org\/{rel}","templated":true}]}}