{"id":399,"date":"2018-03-07T11:45:50","date_gmt":"2018-03-07T11:45:50","guid":{"rendered":"http:\/\/anwalt.mikado-themes.com\/?page_id=399"},"modified":"2023-07-14T15:19:00","modified_gmt":"2023-07-14T15:19:00","slug":"contact-us","status":"publish","type":"page","link":"https:\/\/ivsoncoelho.adv.br\/site\/contact-us\/","title":{"rendered":"Contato"},"content":{"rendered":"<div class=\"wpb-content-wrapper\"><p>[vc_row row_content_width=&#8221;grid&#8221; content_text_aligment=&#8221;center&#8221; css=&#8221;.vc_custom_1522075243296{padding-top: 119px !important;}&#8221;][vc_column offset=&#8221;vc_col-lg-offset-2 vc_col-lg-8&#8243;]<div class=\"mkdf-section-title-holder  \" style=\"text-align: center\">\n\t<div class=\"mkdf-st-inner\">\n\t\t\t\t\t<h3 class=\"mkdf-st-title\" >\n\t\t\t\tPrecisa de alguma ajuda legal?\t\t\t<\/h3>\n\t\t        <div class=\"mkdf-separator-holder clearfix  mkdf-separator-center mkdf-separator-normal\" >\n\t\t<div class=\"mkdf-separator\" style=\"width: 143px;border-bottom-width: 2px\"><\/div>\n\t<\/div>\n\t\t\t\t\t<h6 class=\"mkdf-st-text\" >\n\t\t\t\tCaso voc\u00ea necessite de assessoria jur\u00eddica nossa equipe ajudar\u00e1 com prazer.\t\t\t<\/h6>\n\t\t\t<\/div>\n<\/div>[vc_empty_space height=&#8221;52px&#8221;][\/vc_column][\/vc_row][vc_row row_content_width=&#8221;grid&#8221; css=&#8221;.vc_custom_1522075183756{padding-bottom: 140px !important;}&#8221;][vc_column offset=&#8221;vc_col-lg-offset-1 vc_col-lg-10&#8243;]\n<div class=\"wpcf7 no-js\" id=\"wpcf7-f1608-o1\" lang=\"en-US\" dir=\"ltr\" data-wpcf7-id=\"1608\">\n<div class=\"screen-reader-response\"><p role=\"status\" aria-live=\"polite\" aria-atomic=\"true\"><\/p> <ul><\/ul><\/div>\n<form action=\"\/site\/wp-json\/wp\/v2\/pages\/399#wpcf7-f1608-o1\" method=\"post\" class=\"wpcf7-form init cf7_custom_style_1\" aria-label=\"Contact form\" novalidate=\"novalidate\" data-status=\"init\">\n<div style=\"display: none;\">\n<input type=\"hidden\" name=\"_wpcf7\" value=\"1608\" \/>\n<input type=\"hidden\" name=\"_wpcf7_version\" value=\"6.0.6\" \/>\n<input type=\"hidden\" name=\"_wpcf7_locale\" value=\"en_US\" \/>\n<input type=\"hidden\" name=\"_wpcf7_unit_tag\" value=\"wpcf7-f1608-o1\" \/>\n<input type=\"hidden\" name=\"_wpcf7_container_post\" value=\"0\" \/>\n<input type=\"hidden\" name=\"_wpcf7_posted_data_hash\" value=\"\" \/>\n<\/div>\n<div>\n\t<div class=\"mkdf-grid-row mkdf-grid-normal-gutter\">\n\t\t<div class=\"mkdf-grid-col-6\">\n\t\t\t<p><span class=\"wpcf7-form-control-wrap\" data-name=\"text\"><input size=\"40\" maxlength=\"400\" class=\"wpcf7-form-control wpcf7-text wpcf7-validates-as-required\" aria-required=\"true\" aria-invalid=\"false\" placeholder=\"Primeiro Nome\" value=\"\" type=\"text\" name=\"text\" \/><\/span>\n\t\t\t<\/p>\n\t\t<\/div>\n\t\t<div class=\"mkdf-grid-col-6\">\n\t\t\t<p><span class=\"wpcf7-form-control-wrap\" data-name=\"text\"><input size=\"40\" maxlength=\"400\" class=\"wpcf7-form-control wpcf7-text wpcf7-validates-as-required\" aria-required=\"true\" aria-invalid=\"false\" placeholder=\"\u00daltimo Nome\" value=\"\" type=\"text\" name=\"text\" \/><\/span>\n\t\t\t<\/p>\n\t\t<\/div>\n\t<\/div>\n\t<div class=\"mkdf-grid-row mkdf-grid-normal-gutter\">\n\t\t<div class=\"mkdf-grid-col-6\">\n\t\t\t<p><span class=\"wpcf7-form-control-wrap\" data-name=\"email\"><input size=\"40\" maxlength=\"400\" class=\"wpcf7-form-control wpcf7-email wpcf7-validates-as-required wpcf7-text wpcf7-validates-as-email\" aria-required=\"true\" aria-invalid=\"false\" placeholder=\"E-mail\" value=\"\" type=\"email\" name=\"email\" \/><\/span>\n\t\t\t<\/p>\n\t\t<\/div>\n\t\t<div class=\"mkdf-grid-col-6\">\n\t\t\t<p><span class=\"wpcf7-form-control-wrap\" data-name=\"tel\"><input size=\"40\" maxlength=\"400\" class=\"wpcf7-form-control wpcf7-tel wpcf7-validates-as-required wpcf7-text wpcf7-validates-as-tel\" aria-required=\"true\" aria-invalid=\"false\" placeholder=\"Telefone\" value=\"\" type=\"tel\" name=\"tel\" \/><\/span>\n\t\t\t<\/p>\n\t\t<\/div>\n\t<\/div>\n\t<div class=\"mkdf-grid-row mkdf-grid-normal-gutter\">\n\t\t<div class=\"mkdf-grid-col-6\">\n\t\t\t<p><span class=\"wpcf7-form-control-wrap\" data-name=\"text\"><input size=\"40\" maxlength=\"400\" class=\"wpcf7-form-control wpcf7-text wpcf7-validates-as-required\" aria-required=\"true\" aria-invalid=\"false\" placeholder=\"Cargo\" value=\"\" type=\"text\" name=\"text\" \/><\/span>\n\t\t\t<\/p>\n\t\t<\/div>\n\t\t<div class=\"mkdf-grid-col-6\">\n\t\t\t<p><span class=\"wpcf7-form-control-wrap\" data-name=\"text\"><input size=\"40\" maxlength=\"400\" class=\"wpcf7-form-control wpcf7-text wpcf7-validates-as-required\" aria-required=\"true\" aria-invalid=\"false\" placeholder=\"Empresa\" value=\"\" type=\"text\" name=\"text\" \/><\/span>\n\t\t\t<\/p>\n\t\t<\/div>\n\t<\/div>\n\t<div class=\"mkdf-grid-row mkdf-grid-normal-gutter\">\n\t\t<div class=\"mkdf-grid-col-12\">\n\t\t\t<p><span class=\"wpcf7-form-control-wrap\" data-name=\"textarea\"><textarea cols=\"40\" rows=\"10\" maxlength=\"2000\" class=\"wpcf7-form-control wpcf7-textarea wpcf7-validates-as-required\" aria-required=\"true\" aria-invalid=\"false\" placeholder=\"Sua mensagem\" name=\"textarea\"><\/textarea><\/span>\n\t\t\t<\/p>\n\t\t<\/div>\n\t<\/div>\n\t<p style=\"text-align:center;\"><br \/>\n<input class=\"wpcf7-form-control wpcf7-submit has-spinner\" type=\"submit\" value=\"Enviar\" \/>\n\t<\/p>\n<\/div><div class=\"wpcf7-response-output\" aria-hidden=\"true\"><\/div>\n<\/form>\n<\/div>\n[\/vc_column][\/vc_row]<\/p>\n<\/div>","protected":false},"excerpt":{"rendered":"<p>[vc_row row_content_width=&#8221;grid&#8221; content_text_aligment=&#8221;center&#8221; css=&#8221;.vc_custom_1522075243296{padding-top: 119px !important;}&#8221;][vc_column offset=&#8221;vc_col-lg-offset-2 vc_col-lg-8&#8243;][vc_empty_space height=&#8221;52px&#8221;][\/vc_column][\/vc_row][vc_row row_content_width=&#8221;grid&#8221; css=&#8221;.vc_custom_1522075183756{padding-bottom: 140px !important;}&#8221;][vc_column offset=&#8221;vc_col-lg-offset-1 vc_col-lg-10&#8243;][\/vc_column][\/vc_row]<\/p>\n","protected":false},"author":2,"featured_media":0,"parent":0,"menu_order":0,"comment_status":"closed","ping_status":"closed","template":"full-width.php","meta":{"footnotes":""},"class_list":["post-399","page","type-page","status-publish","hentry"],"yoast_head":"<!-- This site is optimized with the Yoast SEO plugin v26.9 - https:\/\/yoast.com\/product\/yoast-seo-wordpress\/ -->\n<title>Contato - Dr. Ivson Coelho<\/title>\n<meta name=\"robots\" content=\"index, follow, max-snippet:-1, max-image-preview:large, max-video-preview:-1\" \/>\n<link rel=\"canonical\" href=\"https:\/\/ivsoncoelho.adv.br\/site\/contact-us\/\" \/>\n<meta property=\"og:locale\" content=\"pt_PT\" \/>\n<meta property=\"og:type\" content=\"article\" \/>\n<meta property=\"og:title\" content=\"Contato - Dr. Ivson Coelho\" \/>\n<meta property=\"og:description\" content=\"[vc_row row_content_width=&#8221;grid&#8221; content_text_aligment=&#8221;center&#8221; css=&#8221;.vc_custom_1522075243296{padding-top: 119px !important;}&#8221;][vc_column offset=&#8221;vc_col-lg-offset-2 vc_col-lg-8&#8243;][vc_empty_space height=&#8221;52px&#8221;][\/vc_column][\/vc_row][vc_row row_content_width=&#8221;grid&#8221; css=&#8221;.vc_custom_1522075183756{padding-bottom: 140px !important;}&#8221;][vc_column offset=&#8221;vc_col-lg-offset-1 vc_col-lg-10&#8243;][\/vc_column][\/vc_row]\" \/>\n<meta property=\"og:url\" content=\"https:\/\/ivsoncoelho.adv.br\/site\/contact-us\/\" \/>\n<meta property=\"og:site_name\" content=\"Dr. Ivson Coelho\" \/>\n<meta property=\"article:modified_time\" content=\"2023-07-14T15:19:00+00:00\" \/>\n<meta name=\"twitter:card\" content=\"summary_large_image\" \/>\n<meta name=\"twitter:label1\" content=\"Tempo estimado de leitura\" \/>\n\t<meta name=\"twitter:data1\" content=\"1 minuto\" \/>\n<script type=\"application\/ld+json\" class=\"yoast-schema-graph\">{\"@context\":\"https:\/\/schema.org\",\"@graph\":[{\"@type\":\"WebPage\",\"@id\":\"https:\/\/ivsoncoelho.adv.br\/site\/contact-us\/\",\"url\":\"https:\/\/ivsoncoelho.adv.br\/site\/contact-us\/\",\"name\":\"Contato - Dr. Ivson Coelho\",\"isPartOf\":{\"@id\":\"https:\/\/ivsoncoelho.adv.br\/site\/#website\"},\"datePublished\":\"2018-03-07T11:45:50+00:00\",\"dateModified\":\"2023-07-14T15:19:00+00:00\",\"breadcrumb\":{\"@id\":\"https:\/\/ivsoncoelho.adv.br\/site\/contact-us\/#breadcrumb\"},\"inLanguage\":\"pt-PT\",\"potentialAction\":[{\"@type\":\"ReadAction\",\"target\":[\"https:\/\/ivsoncoelho.adv.br\/site\/contact-us\/\"]}]},{\"@type\":\"BreadcrumbList\",\"@id\":\"https:\/\/ivsoncoelho.adv.br\/site\/contact-us\/#breadcrumb\",\"itemListElement\":[{\"@type\":\"ListItem\",\"position\":1,\"name\":\"Home\",\"item\":\"https:\/\/ivsoncoelho.adv.br\/site\/\"},{\"@type\":\"ListItem\",\"position\":2,\"name\":\"Contato\"}]},{\"@type\":\"WebSite\",\"@id\":\"https:\/\/ivsoncoelho.adv.br\/site\/#website\",\"url\":\"https:\/\/ivsoncoelho.adv.br\/site\/\",\"name\":\"Dr. Ivson Coelho\",\"description\":\"Escrit\u00f3rio Jur\u00eddico especializado em Direito Tribut\u00e1rio\",\"potentialAction\":[{\"@type\":\"SearchAction\",\"target\":{\"@type\":\"EntryPoint\",\"urlTemplate\":\"https:\/\/ivsoncoelho.adv.br\/site\/?s={search_term_string}\"},\"query-input\":{\"@type\":\"PropertyValueSpecification\",\"valueRequired\":true,\"valueName\":\"search_term_string\"}}],\"inLanguage\":\"pt-PT\"}]}<\/script>\n<!-- \/ Yoast SEO plugin. -->","yoast_head_json":{"title":"Contato - Dr. Ivson Coelho","robots":{"index":"index","follow":"follow","max-snippet":"max-snippet:-1","max-image-preview":"max-image-preview:large","max-video-preview":"max-video-preview:-1"},"canonical":"https:\/\/ivsoncoelho.adv.br\/site\/contact-us\/","og_locale":"pt_PT","og_type":"article","og_title":"Contato - Dr. Ivson Coelho","og_description":"[vc_row row_content_width=&#8221;grid&#8221; content_text_aligment=&#8221;center&#8221; css=&#8221;.vc_custom_1522075243296{padding-top: 119px !important;}&#8221;][vc_column offset=&#8221;vc_col-lg-offset-2 vc_col-lg-8&#8243;][vc_empty_space height=&#8221;52px&#8221;][\/vc_column][\/vc_row][vc_row row_content_width=&#8221;grid&#8221; css=&#8221;.vc_custom_1522075183756{padding-bottom: 140px !important;}&#8221;][vc_column offset=&#8221;vc_col-lg-offset-1 vc_col-lg-10&#8243;][\/vc_column][\/vc_row]","og_url":"https:\/\/ivsoncoelho.adv.br\/site\/contact-us\/","og_site_name":"Dr. Ivson Coelho","article_modified_time":"2023-07-14T15:19:00+00:00","twitter_card":"summary_large_image","twitter_misc":{"Tempo estimado de leitura":"1 minuto"},"schema":{"@context":"https:\/\/schema.org","@graph":[{"@type":"WebPage","@id":"https:\/\/ivsoncoelho.adv.br\/site\/contact-us\/","url":"https:\/\/ivsoncoelho.adv.br\/site\/contact-us\/","name":"Contato - Dr. Ivson Coelho","isPartOf":{"@id":"https:\/\/ivsoncoelho.adv.br\/site\/#website"},"datePublished":"2018-03-07T11:45:50+00:00","dateModified":"2023-07-14T15:19:00+00:00","breadcrumb":{"@id":"https:\/\/ivsoncoelho.adv.br\/site\/contact-us\/#breadcrumb"},"inLanguage":"pt-PT","potentialAction":[{"@type":"ReadAction","target":["https:\/\/ivsoncoelho.adv.br\/site\/contact-us\/"]}]},{"@type":"BreadcrumbList","@id":"https:\/\/ivsoncoelho.adv.br\/site\/contact-us\/#breadcrumb","itemListElement":[{"@type":"ListItem","position":1,"name":"Home","item":"https:\/\/ivsoncoelho.adv.br\/site\/"},{"@type":"ListItem","position":2,"name":"Contato"}]},{"@type":"WebSite","@id":"https:\/\/ivsoncoelho.adv.br\/site\/#website","url":"https:\/\/ivsoncoelho.adv.br\/site\/","name":"Dr. Ivson Coelho","description":"Escrit\u00f3rio Jur\u00eddico especializado em Direito Tribut\u00e1rio","potentialAction":[{"@type":"SearchAction","target":{"@type":"EntryPoint","urlTemplate":"https:\/\/ivsoncoelho.adv.br\/site\/?s={search_term_string}"},"query-input":{"@type":"PropertyValueSpecification","valueRequired":true,"valueName":"search_term_string"}}],"inLanguage":"pt-PT"}]}},"_links":{"self":[{"href":"https:\/\/ivsoncoelho.adv.br\/site\/wp-json\/wp\/v2\/pages\/399","targetHints":{"allow":["GET"]}}],"collection":[{"href":"https:\/\/ivsoncoelho.adv.br\/site\/wp-json\/wp\/v2\/pages"}],"about":[{"href":"https:\/\/ivsoncoelho.adv.br\/site\/wp-json\/wp\/v2\/types\/page"}],"author":[{"embeddable":true,"href":"https:\/\/ivsoncoelho.adv.br\/site\/wp-json\/wp\/v2\/users\/2"}],"replies":[{"embeddable":true,"href":"https:\/\/ivsoncoelho.adv.br\/site\/wp-json\/wp\/v2\/comments?post=399"}],"version-history":[{"count":5,"href":"https:\/\/ivsoncoelho.adv.br\/site\/wp-json\/wp\/v2\/pages\/399\/revisions"}],"predecessor-version":[{"id":3819,"href":"https:\/\/ivsoncoelho.adv.br\/site\/wp-json\/wp\/v2\/pages\/399\/revisions\/3819"}],"wp:attachment":[{"href":"https:\/\/ivsoncoelho.adv.br\/site\/wp-json\/wp\/v2\/media?parent=399"}],"curies":[{"name":"wp","href":"https:\/\/api.w.org\/{rel}","templated":true}]}}