{"id":3366,"date":"2018-04-03T12:23:36","date_gmt":"2018-04-03T12:23:36","guid":{"rendered":"http:\/\/anwalt.mikado-themes.com\/?page_id=3366"},"modified":"2023-08-16T15:55:57","modified_gmt":"2023-08-16T15:55:57","slug":"our-team","status":"publish","type":"page","link":"https:\/\/ivsoncoelho.adv.br\/site\/our-team\/","title":{"rendered":"Equipe"},"content":{"rendered":"<div class=\"wpb-content-wrapper\"><p>[vc_row row_content_width=&#8221;grid&#8221; css=&#8221;.vc_custom_1522765588588{padding-top: 120px !important;padding-bottom: 52px !important;}&#8221;][vc_column offset=&#8221;vc_col-lg-offset-2 vc_col-lg-8 vc_col-md-offset-0 vc_col-md-12&#8243;]<div class=\"mkdf-section-title-holder  \" style=\"text-align: center\">\n\t<div class=\"mkdf-st-inner\">\n\t\t\t\t\t<h3 class=\"mkdf-st-title\" >\n\t\t\t\tEspecialistas em Direito Triburt\u00e1rio\t\t\t<\/h3>\n\t\t        <div class=\"mkdf-separator-holder clearfix  mkdf-separator-center mkdf-separator-normal\" >\n\t\t<div class=\"mkdf-separator\" style=\"width: 143px;border-bottom-width: 2px\"><\/div>\n\t<\/div>\n\t\t\t\t\t<h6 class=\"mkdf-st-text\" >\n\t\t\t\tProfissionais com forma\u00e7\u00e3o legal excepcional e anos de experi\u00eancia em direito.\t\t\t<\/h6>\n\t\t\t<\/div>\n<\/div>[\/vc_column][\/vc_row][vc_row row_content_width=&#8221;grid&#8221; css=&#8221;.vc_custom_1522765555428{padding-bottom: 70px !important;}&#8221;][vc_column offset=&#8221;vc_col-lg-12 vc_col-md-6&#8243;]<div class=\"mkdf-team-holder mkdf-team-info-below-image\">\n\t<div class=\"mkdf-team-inner\">\n\t\t\t\t\t<div class=\"mkdf-team-image\">\n                <img loading=\"lazy\" decoding=\"async\" width=\"801\" height=\"579\" src=\"https:\/\/ivsoncoelho.adv.br\/site\/wp-content\/uploads\/2023\/07\/ivc-1-1_25.jpg\" class=\"attachment-full size-full\" alt=\"\" srcset=\"https:\/\/ivsoncoelho.adv.br\/site\/wp-content\/uploads\/2023\/07\/ivc-1-1_25.jpg 801w, https:\/\/ivsoncoelho.adv.br\/site\/wp-content\/uploads\/2023\/07\/ivc-1-1_25-300x217.jpg 300w, https:\/\/ivsoncoelho.adv.br\/site\/wp-content\/uploads\/2023\/07\/ivc-1-1_25-768x555.jpg 768w\" sizes=\"auto, (max-width: 801px) 100vw, 801px\" \/>\t\t\t<\/div>\n\t\t\t\t<div class=\"mkdf-team-info\">\n\t\t\t\t\t\t\t<h5 class=\"mkdf-team-name\" >Dr. Ivson Co\u00ealho<\/h5>\n\t\t\t\t\t\t\t\t\t\t\t\t\t<p class=\"mkdf-team-text\" >Fundador e Advogado Especialista em Direito Tribut\u00e1rio, com ampla experi\u00eancia como procurador do Munic\u00edpio de Manaus.<\/p>\n\t\t\t            <div class=\"mkdf-separator-holder clearfix  mkdf-separator-center \" >\n\t\t<div class=\"mkdf-separator\" style=\"width: 100px\"><\/div>\n\t<\/div>\n\t\t\t\t\t\t\t<div class=\"mkdf-team-social-holder\">\n\t\t\t\t\t\t\t\t\t\t\t<span class=\"mkdf-team-icon\">    <span class=\"mkdf-icon-shortcode mkdf-normal    \">\n        <span class=\"mkdf-icon-bckg-holder\"><\/span>\n                    <a class=\"\" href=\"https:\/\/www.facebook.com\/\" target=\"_blank\">\n                    <i class=\"mkdf-icon-ion-icon ion-social-facebook mkdf-icon-element\"><\/i>                            <\/a>\n            <\/span>\n<\/span>\n\t\t\t\t\t\t\t\t\t\t\t<span class=\"mkdf-team-icon\">    <span class=\"mkdf-icon-shortcode mkdf-normal    \">\n        <span class=\"mkdf-icon-bckg-holder\"><\/span>\n                    <a class=\"\" href=\"https:\/\/www.instagram.com\/\" target=\"_blank\">\n                    <i class=\"mkdf-icon-ion-icon ion-social-instagram mkdf-icon-element\"><\/i>                            <\/a>\n            <\/span>\n<\/span>\n\t\t\t\t\t\t\t\t\t\t\t<span class=\"mkdf-team-icon\">    <span class=\"mkdf-icon-shortcode mkdf-normal    \">\n        <span class=\"mkdf-icon-bckg-holder\"><\/span>\n                    <a class=\"\" href=\"https:\/\/www.linkedin.com\/\" target=\"_blank\">\n                    <i class=\"mkdf-icon-ion-icon ion-social-linkedin mkdf-icon-element\"><\/i>                            <\/a>\n            <\/span>\n<\/span>\n\t\t\t\t\t\t\t\t\t<\/div>\n\t\t\t\t\t<\/div>\n\t<\/div>\n<\/div>[vc_empty_space height=&#8221;65px&#8221;][\/vc_column][\/vc_row][vc_row row_content_width=&#8221;grid&#8221; css=&#8221;.vc_custom_1522765555428{padding-bottom: 70px !important;}&#8221;][vc_column width=&#8221;1\/2&#8243; offset=&#8221;vc_col-lg-3 vc_col-md-6&#8243;]<div class=\"mkdf-team-holder mkdf-team-info-below-image\">\n\t<div class=\"mkdf-team-inner\">\n\t\t\t\t\t<div class=\"mkdf-team-image\">\n                <img loading=\"lazy\" decoding=\"async\" width=\"801\" height=\"579\" src=\"https:\/\/ivsoncoelho.adv.br\/site\/wp-content\/uploads\/2023\/07\/ivc-1-1_30.jpg\" class=\"attachment-full size-full\" alt=\"\" srcset=\"https:\/\/ivsoncoelho.adv.br\/site\/wp-content\/uploads\/2023\/07\/ivc-1-1_30.jpg 801w, https:\/\/ivsoncoelho.adv.br\/site\/wp-content\/uploads\/2023\/07\/ivc-1-1_30-300x217.jpg 300w, https:\/\/ivsoncoelho.adv.br\/site\/wp-content\/uploads\/2023\/07\/ivc-1-1_30-768x555.jpg 768w\" sizes=\"auto, (max-width: 801px) 100vw, 801px\" \/>\t\t\t<\/div>\n\t\t\t\t<div class=\"mkdf-team-info\">\n\t\t\t\t\t\t\t<h5 class=\"mkdf-team-name\" >Jessica Caxeixa<\/h5>\n\t\t\t\t\t\t\t\t\t            <div class=\"mkdf-separator-holder clearfix  mkdf-separator-center \" >\n\t\t<div class=\"mkdf-separator\" style=\"width: 100px\"><\/div>\n\t<\/div>\n\t\t\t\t\t\t\t<div class=\"mkdf-team-social-holder\">\n\t\t\t\t\t\t\t\t\t\t\t<span class=\"mkdf-team-icon\">    <span class=\"mkdf-icon-shortcode mkdf-normal    \">\n        <span class=\"mkdf-icon-bckg-holder\"><\/span>\n                    <a class=\"\" href=\"https:\/\/www.facebook.com\/\" target=\"_blank\">\n                    <i class=\"mkdf-icon-ion-icon ion-social-facebook mkdf-icon-element\"><\/i>                            <\/a>\n            <\/span>\n<\/span>\n\t\t\t\t\t\t\t\t\t\t\t<span class=\"mkdf-team-icon\">    <span class=\"mkdf-icon-shortcode mkdf-normal    \">\n        <span class=\"mkdf-icon-bckg-holder\"><\/span>\n                    <a class=\"\" href=\"https:\/\/www.instagram.com\/\" target=\"_blank\">\n                    <i class=\"mkdf-icon-ion-icon ion-social-instagram mkdf-icon-element\"><\/i>                            <\/a>\n            <\/span>\n<\/span>\n\t\t\t\t\t\t\t\t\t\t\t<span class=\"mkdf-team-icon\">    <span class=\"mkdf-icon-shortcode mkdf-normal    \">\n        <span class=\"mkdf-icon-bckg-holder\"><\/span>\n                    <a class=\"\" href=\"https:\/\/www.linkedin.com\/\" target=\"_blank\">\n                    <i class=\"mkdf-icon-ion-icon ion-social-linkedin mkdf-icon-element\"><\/i>                            <\/a>\n            <\/span>\n<\/span>\n\t\t\t\t\t\t\t\t\t\t\t<span class=\"mkdf-team-icon\">    <span class=\"mkdf-icon-shortcode mkdf-normal    \">\n        <span class=\"mkdf-icon-bckg-holder\"><\/span>\n                    <a class=\"\" href=\"https:\/\/www.pinterest.com\/\" target=\"_blank\">\n                    <i class=\"mkdf-icon-ion-icon ion-social-pinterest mkdf-icon-element\"><\/i>                            <\/a>\n            <\/span>\n<\/span>\n\t\t\t\t\t\t\t\t\t<\/div>\n\t\t\t\t\t<\/div>\n\t<\/div>\n<\/div>[vc_empty_space height=&#8221;65px&#8221;][\/vc_column][vc_column width=&#8221;1\/2&#8243; offset=&#8221;vc_col-lg-3 vc_col-md-6&#8243;]<div class=\"mkdf-team-holder mkdf-team-info-below-image\">\n\t<div class=\"mkdf-team-inner\">\n\t\t\t\t\t<div class=\"mkdf-team-image\">\n                <img loading=\"lazy\" decoding=\"async\" width=\"801\" height=\"579\" src=\"https:\/\/ivsoncoelho.adv.br\/site\/wp-content\/uploads\/2023\/07\/ivc-1-1_29.jpg\" class=\"attachment-full size-full\" alt=\"\" srcset=\"https:\/\/ivsoncoelho.adv.br\/site\/wp-content\/uploads\/2023\/07\/ivc-1-1_29.jpg 801w, https:\/\/ivsoncoelho.adv.br\/site\/wp-content\/uploads\/2023\/07\/ivc-1-1_29-300x217.jpg 300w, https:\/\/ivsoncoelho.adv.br\/site\/wp-content\/uploads\/2023\/07\/ivc-1-1_29-768x555.jpg 768w\" sizes=\"auto, (max-width: 801px) 100vw, 801px\" \/>\t\t\t<\/div>\n\t\t\t\t<div class=\"mkdf-team-info\">\n\t\t\t\t\t\t\t<h5 class=\"mkdf-team-name\" >Anna Paula Colares<\/h5>\n\t\t\t\t\t\t\t\t\t            <div class=\"mkdf-separator-holder clearfix  mkdf-separator-center \" >\n\t\t<div class=\"mkdf-separator\" style=\"width: 100px\"><\/div>\n\t<\/div>\n\t\t\t\t\t\t\t<div class=\"mkdf-team-social-holder\">\n\t\t\t\t\t\t\t\t\t\t\t<span class=\"mkdf-team-icon\">    <span class=\"mkdf-icon-shortcode mkdf-normal    \">\n        <span class=\"mkdf-icon-bckg-holder\"><\/span>\n                    <a class=\"\" href=\"https:\/\/www.facebook.com\/\" target=\"_blank\">\n                    <i class=\"mkdf-icon-ion-icon ion-social-facebook mkdf-icon-element\"><\/i>                            <\/a>\n            <\/span>\n<\/span>\n\t\t\t\t\t\t\t\t\t\t\t<span class=\"mkdf-team-icon\">    <span class=\"mkdf-icon-shortcode mkdf-normal    \">\n        <span class=\"mkdf-icon-bckg-holder\"><\/span>\n                    <a class=\"\" href=\"https:\/\/www.instagram.com\/\" target=\"_blank\">\n                    <i class=\"mkdf-icon-ion-icon ion-social-instagram mkdf-icon-element\"><\/i>                            <\/a>\n            <\/span>\n<\/span>\n\t\t\t\t\t\t\t\t\t\t\t<span class=\"mkdf-team-icon\">    <span class=\"mkdf-icon-shortcode mkdf-normal    \">\n        <span class=\"mkdf-icon-bckg-holder\"><\/span>\n                    <a class=\"\" href=\"https:\/\/www.linkedin.com\/\" target=\"_blank\">\n                    <i class=\"mkdf-icon-ion-icon ion-social-linkedin mkdf-icon-element\"><\/i>                            <\/a>\n            <\/span>\n<\/span>\n\t\t\t\t\t\t\t\t\t\t\t<span class=\"mkdf-team-icon\">    <span class=\"mkdf-icon-shortcode mkdf-normal    \">\n        <span class=\"mkdf-icon-bckg-holder\"><\/span>\n                    <a class=\"\" href=\"https:\/\/www.pinterest.com\/\" target=\"_blank\">\n                    <i class=\"mkdf-icon-ion-icon ion-social-pinterest mkdf-icon-element\"><\/i>                            <\/a>\n            <\/span>\n<\/span>\n\t\t\t\t\t\t\t\t\t<\/div>\n\t\t\t\t\t<\/div>\n\t<\/div>\n<\/div>[vc_empty_space height=&#8221;65px&#8221;][\/vc_column][vc_column width=&#8221;1\/2&#8243; offset=&#8221;vc_col-lg-3 vc_col-md-6&#8243;]<div class=\"mkdf-team-holder mkdf-team-info-below-image\">\n\t<div class=\"mkdf-team-inner\">\n\t\t\t\t\t<div class=\"mkdf-team-image\">\n                <img loading=\"lazy\" decoding=\"async\" width=\"801\" height=\"579\" src=\"https:\/\/ivsoncoelho.adv.br\/site\/wp-content\/uploads\/2023\/07\/ivc-1-1_28.jpg\" class=\"attachment-full size-full\" alt=\"\" srcset=\"https:\/\/ivsoncoelho.adv.br\/site\/wp-content\/uploads\/2023\/07\/ivc-1-1_28.jpg 801w, https:\/\/ivsoncoelho.adv.br\/site\/wp-content\/uploads\/2023\/07\/ivc-1-1_28-300x217.jpg 300w, https:\/\/ivsoncoelho.adv.br\/site\/wp-content\/uploads\/2023\/07\/ivc-1-1_28-768x555.jpg 768w\" sizes=\"auto, (max-width: 801px) 100vw, 801px\" \/>\t\t\t<\/div>\n\t\t\t\t<div class=\"mkdf-team-info\">\n\t\t\t\t\t\t\t<h5 class=\"mkdf-team-name\" >Edmara Le\u00e3o<\/h5>\n\t\t\t\t\t\t\t\t\t            <div class=\"mkdf-separator-holder clearfix  mkdf-separator-center \" >\n\t\t<div class=\"mkdf-separator\" style=\"width: 100px\"><\/div>\n\t<\/div>\n\t\t\t\t\t\t\t<div class=\"mkdf-team-social-holder\">\n\t\t\t\t\t\t\t\t\t\t\t<span class=\"mkdf-team-icon\">    <span class=\"mkdf-icon-shortcode mkdf-normal    \">\n        <span class=\"mkdf-icon-bckg-holder\"><\/span>\n                    <a class=\"\" href=\"https:\/\/www.facebook.com\/\" target=\"_blank\">\n                    <i class=\"mkdf-icon-ion-icon ion-social-facebook mkdf-icon-element\"><\/i>                            <\/a>\n            <\/span>\n<\/span>\n\t\t\t\t\t\t\t\t\t\t\t<span class=\"mkdf-team-icon\">    <span class=\"mkdf-icon-shortcode mkdf-normal    \">\n        <span class=\"mkdf-icon-bckg-holder\"><\/span>\n                    <a class=\"\" href=\"https:\/\/www.instagram.com\/\" target=\"_blank\">\n                    <i class=\"mkdf-icon-ion-icon ion-social-instagram mkdf-icon-element\"><\/i>                            <\/a>\n            <\/span>\n<\/span>\n\t\t\t\t\t\t\t\t\t\t\t<span class=\"mkdf-team-icon\">    <span class=\"mkdf-icon-shortcode mkdf-normal    \">\n        <span class=\"mkdf-icon-bckg-holder\"><\/span>\n                    <a class=\"\" href=\"https:\/\/www.linkedin.com\/\" target=\"_blank\">\n                    <i class=\"mkdf-icon-ion-icon ion-social-linkedin mkdf-icon-element\"><\/i>                            <\/a>\n            <\/span>\n<\/span>\n\t\t\t\t\t\t\t\t\t\t\t<span class=\"mkdf-team-icon\">    <span class=\"mkdf-icon-shortcode mkdf-normal    \">\n        <span class=\"mkdf-icon-bckg-holder\"><\/span>\n                    <a class=\"\" href=\"https:\/\/www.pinterest.com\/\" target=\"_blank\">\n                    <i class=\"mkdf-icon-ion-icon ion-social-pinterest mkdf-icon-element\"><\/i>                            <\/a>\n            <\/span>\n<\/span>\n\t\t\t\t\t\t\t\t\t<\/div>\n\t\t\t\t\t<\/div>\n\t<\/div>\n<\/div>[vc_empty_space height=&#8221;65px&#8221;][\/vc_column][vc_column width=&#8221;1\/2&#8243; offset=&#8221;vc_col-lg-3 vc_col-md-6&#8243;]<div class=\"mkdf-team-holder mkdf-team-info-below-image\">\n\t<div class=\"mkdf-team-inner\">\n\t\t\t\t\t<div class=\"mkdf-team-image\">\n                <img loading=\"lazy\" decoding=\"async\" width=\"801\" height=\"579\" src=\"https:\/\/ivsoncoelho.adv.br\/site\/wp-content\/uploads\/2023\/07\/ivc-1-1_26.jpg\" class=\"attachment-full size-full\" alt=\"\" srcset=\"https:\/\/ivsoncoelho.adv.br\/site\/wp-content\/uploads\/2023\/07\/ivc-1-1_26.jpg 801w, https:\/\/ivsoncoelho.adv.br\/site\/wp-content\/uploads\/2023\/07\/ivc-1-1_26-300x217.jpg 300w, https:\/\/ivsoncoelho.adv.br\/site\/wp-content\/uploads\/2023\/07\/ivc-1-1_26-768x555.jpg 768w\" sizes=\"auto, (max-width: 801px) 100vw, 801px\" \/>\t\t\t<\/div>\n\t\t\t\t<div class=\"mkdf-team-info\">\n\t\t\t\t\t\t\t<h5 class=\"mkdf-team-name\" >Jaicia Bohadana<\/h5>\n\t\t\t\t\t\t\t\t\t            <div class=\"mkdf-separator-holder clearfix  mkdf-separator-center \" >\n\t\t<div class=\"mkdf-separator\" style=\"width: 100px\"><\/div>\n\t<\/div>\n\t\t\t\t\t\t\t<div class=\"mkdf-team-social-holder\">\n\t\t\t\t\t\t\t\t\t\t\t<span class=\"mkdf-team-icon\">    <span class=\"mkdf-icon-shortcode mkdf-normal    \">\n        <span class=\"mkdf-icon-bckg-holder\"><\/span>\n                    <a class=\"\" href=\"https:\/\/www.facebook.com\/\" target=\"_blank\">\n                    <i class=\"mkdf-icon-ion-icon ion-social-facebook mkdf-icon-element\"><\/i>                            <\/a>\n            <\/span>\n<\/span>\n\t\t\t\t\t\t\t\t\t\t\t<span class=\"mkdf-team-icon\">    <span class=\"mkdf-icon-shortcode mkdf-normal    \">\n        <span class=\"mkdf-icon-bckg-holder\"><\/span>\n                    <a class=\"\" href=\"https:\/\/www.instagram.com\/\" target=\"_blank\">\n                    <i class=\"mkdf-icon-ion-icon ion-social-instagram mkdf-icon-element\"><\/i>                            <\/a>\n            <\/span>\n<\/span>\n\t\t\t\t\t\t\t\t\t\t\t<span class=\"mkdf-team-icon\">    <span class=\"mkdf-icon-shortcode mkdf-normal    \">\n        <span class=\"mkdf-icon-bckg-holder\"><\/span>\n                    <a class=\"\" href=\"https:\/\/www.linkedin.com\/\" target=\"_blank\">\n                    <i class=\"mkdf-icon-ion-icon ion-social-linkedin mkdf-icon-element\"><\/i>                            <\/a>\n            <\/span>\n<\/span>\n\t\t\t\t\t\t\t\t\t\t\t<span class=\"mkdf-team-icon\">    <span class=\"mkdf-icon-shortcode mkdf-normal    \">\n        <span class=\"mkdf-icon-bckg-holder\"><\/span>\n                    <a class=\"\" href=\"https:\/\/www.pinterest.com\/\" target=\"_blank\">\n                    <i class=\"mkdf-icon-ion-icon ion-social-pinterest mkdf-icon-element\"><\/i>                            <\/a>\n            <\/span>\n<\/span>\n\t\t\t\t\t\t\t\t\t<\/div>\n\t\t\t\t\t<\/div>\n\t<\/div>\n<\/div>[vc_empty_space height=&#8221;65px&#8221;][\/vc_column][\/vc_row]<\/p>\n<\/div>","protected":false},"excerpt":{"rendered":"<p>[vc_row row_content_width=&#8221;grid&#8221; css=&#8221;.vc_custom_1522765588588{padding-top: 120px !important;padding-bottom: 52px !important;}&#8221;][vc_column offset=&#8221;vc_col-lg-offset-2 vc_col-lg-8 vc_col-md-offset-0 vc_col-md-12&#8243;][\/vc_column][\/vc_row][vc_row row_content_width=&#8221;grid&#8221; css=&#8221;.vc_custom_1522765555428{padding-bottom: 70px !important;}&#8221;][vc_column offset=&#8221;vc_col-lg-12 vc_col-md-6&#8243;][vc_empty_space height=&#8221;65px&#8221;][\/vc_column][\/vc_row][vc_row row_content_width=&#8221;grid&#8221; css=&#8221;.vc_custom_1522765555428{padding-bottom: 70px !important;}&#8221;][vc_column width=&#8221;1\/2&#8243; offset=&#8221;vc_col-lg-3 vc_col-md-6&#8243;][vc_empty_space height=&#8221;65px&#8221;][\/vc_column][vc_column width=&#8221;1\/2&#8243; offset=&#8221;vc_col-lg-3 vc_col-md-6&#8243;][vc_empty_space height=&#8221;65px&#8221;][\/vc_column][vc_column width=&#8221;1\/2&#8243; offset=&#8221;vc_col-lg-3 vc_col-md-6&#8243;][vc_empty_space height=&#8221;65px&#8221;][\/vc_column][vc_column width=&#8221;1\/2&#8243; offset=&#8221;vc_col-lg-3 vc_col-md-6&#8243;][vc_empty_space height=&#8221;65px&#8221;][\/vc_column][\/vc_row]<\/p>\n","protected":false},"author":2,"featured_media":0,"parent":0,"menu_order":0,"comment_status":"closed","ping_status":"closed","template":"full-width.php","meta":{"footnotes":""},"class_list":["post-3366","page","type-page","status-publish","hentry"],"yoast_head":"<!-- This site is optimized with the Yoast SEO plugin v26.9 - https:\/\/yoast.com\/product\/yoast-seo-wordpress\/ -->\n<title>Equipe - Dr. Ivson Coelho<\/title>\n<meta name=\"robots\" content=\"index, follow, max-snippet:-1, max-image-preview:large, max-video-preview:-1\" \/>\n<link rel=\"canonical\" href=\"https:\/\/ivsoncoelho.adv.br\/site\/our-team\/\" \/>\n<meta property=\"og:locale\" content=\"pt_PT\" \/>\n<meta property=\"og:type\" content=\"article\" \/>\n<meta property=\"og:title\" content=\"Equipe - Dr. Ivson Coelho\" \/>\n<meta property=\"og:description\" content=\"[vc_row row_content_width=&#8221;grid&#8221; css=&#8221;.vc_custom_1522765588588{padding-top: 120px !important;padding-bottom: 52px !important;}&#8221;][vc_column offset=&#8221;vc_col-lg-offset-2 vc_col-lg-8 vc_col-md-offset-0 vc_col-md-12&#8243;][\/vc_column][\/vc_row][vc_row row_content_width=&#8221;grid&#8221; css=&#8221;.vc_custom_1522765555428{padding-bottom: 70px !important;}&#8221;][vc_column offset=&#8221;vc_col-lg-12 vc_col-md-6&#8243;][vc_empty_space height=&#8221;65px&#8221;][\/vc_column][\/vc_row][vc_row row_content_width=&#8221;grid&#8221; css=&#8221;.vc_custom_1522765555428{padding-bottom: 70px !important;}&#8221;][vc_column width=&#8221;1\/2&#8243; offset=&#8221;vc_col-lg-3 vc_col-md-6&#8243;][vc_empty_space height=&#8221;65px&#8221;][\/vc_column][vc_column width=&#8221;1\/2&#8243; offset=&#8221;vc_col-lg-3 vc_col-md-6&#8243;][vc_empty_space height=&#8221;65px&#8221;][\/vc_column][vc_column width=&#8221;1\/2&#8243; offset=&#8221;vc_col-lg-3 vc_col-md-6&#8243;][vc_empty_space height=&#8221;65px&#8221;][\/vc_column][vc_column width=&#8221;1\/2&#8243; offset=&#8221;vc_col-lg-3 vc_col-md-6&#8243;][vc_empty_space height=&#8221;65px&#8221;][\/vc_column][\/vc_row]\" \/>\n<meta property=\"og:url\" content=\"https:\/\/ivsoncoelho.adv.br\/site\/our-team\/\" \/>\n<meta property=\"og:site_name\" content=\"Dr. Ivson Coelho\" \/>\n<meta property=\"article:modified_time\" content=\"2023-08-16T15:55:57+00:00\" \/>\n<meta name=\"twitter:card\" content=\"summary_large_image\" \/>\n<meta name=\"twitter:label1\" content=\"Tempo estimado de leitura\" \/>\n\t<meta name=\"twitter:data1\" content=\"3 minutos\" \/>\n<script type=\"application\/ld+json\" class=\"yoast-schema-graph\">{\"@context\":\"https:\/\/schema.org\",\"@graph\":[{\"@type\":\"WebPage\",\"@id\":\"https:\/\/ivsoncoelho.adv.br\/site\/our-team\/\",\"url\":\"https:\/\/ivsoncoelho.adv.br\/site\/our-team\/\",\"name\":\"Equipe - Dr. Ivson Coelho\",\"isPartOf\":{\"@id\":\"https:\/\/ivsoncoelho.adv.br\/site\/#website\"},\"datePublished\":\"2018-04-03T12:23:36+00:00\",\"dateModified\":\"2023-08-16T15:55:57+00:00\",\"breadcrumb\":{\"@id\":\"https:\/\/ivsoncoelho.adv.br\/site\/our-team\/#breadcrumb\"},\"inLanguage\":\"pt-PT\",\"potentialAction\":[{\"@type\":\"ReadAction\",\"target\":[\"https:\/\/ivsoncoelho.adv.br\/site\/our-team\/\"]}]},{\"@type\":\"BreadcrumbList\",\"@id\":\"https:\/\/ivsoncoelho.adv.br\/site\/our-team\/#breadcrumb\",\"itemListElement\":[{\"@type\":\"ListItem\",\"position\":1,\"name\":\"Home\",\"item\":\"https:\/\/ivsoncoelho.adv.br\/site\/\"},{\"@type\":\"ListItem\",\"position\":2,\"name\":\"Equipe\"}]},{\"@type\":\"WebSite\",\"@id\":\"https:\/\/ivsoncoelho.adv.br\/site\/#website\",\"url\":\"https:\/\/ivsoncoelho.adv.br\/site\/\",\"name\":\"Dr. Ivson Coelho\",\"description\":\"Escrit\u00f3rio Jur\u00eddico especializado em Direito Tribut\u00e1rio\",\"potentialAction\":[{\"@type\":\"SearchAction\",\"target\":{\"@type\":\"EntryPoint\",\"urlTemplate\":\"https:\/\/ivsoncoelho.adv.br\/site\/?s={search_term_string}\"},\"query-input\":{\"@type\":\"PropertyValueSpecification\",\"valueRequired\":true,\"valueName\":\"search_term_string\"}}],\"inLanguage\":\"pt-PT\"}]}<\/script>\n<!-- \/ Yoast SEO plugin. -->","yoast_head_json":{"title":"Equipe - Dr. Ivson Coelho","robots":{"index":"index","follow":"follow","max-snippet":"max-snippet:-1","max-image-preview":"max-image-preview:large","max-video-preview":"max-video-preview:-1"},"canonical":"https:\/\/ivsoncoelho.adv.br\/site\/our-team\/","og_locale":"pt_PT","og_type":"article","og_title":"Equipe - Dr. Ivson Coelho","og_description":"[vc_row row_content_width=&#8221;grid&#8221; css=&#8221;.vc_custom_1522765588588{padding-top: 120px !important;padding-bottom: 52px !important;}&#8221;][vc_column offset=&#8221;vc_col-lg-offset-2 vc_col-lg-8 vc_col-md-offset-0 vc_col-md-12&#8243;][\/vc_column][\/vc_row][vc_row row_content_width=&#8221;grid&#8221; css=&#8221;.vc_custom_1522765555428{padding-bottom: 70px !important;}&#8221;][vc_column offset=&#8221;vc_col-lg-12 vc_col-md-6&#8243;][vc_empty_space height=&#8221;65px&#8221;][\/vc_column][\/vc_row][vc_row row_content_width=&#8221;grid&#8221; css=&#8221;.vc_custom_1522765555428{padding-bottom: 70px !important;}&#8221;][vc_column width=&#8221;1\/2&#8243; offset=&#8221;vc_col-lg-3 vc_col-md-6&#8243;][vc_empty_space height=&#8221;65px&#8221;][\/vc_column][vc_column width=&#8221;1\/2&#8243; offset=&#8221;vc_col-lg-3 vc_col-md-6&#8243;][vc_empty_space height=&#8221;65px&#8221;][\/vc_column][vc_column width=&#8221;1\/2&#8243; offset=&#8221;vc_col-lg-3 vc_col-md-6&#8243;][vc_empty_space height=&#8221;65px&#8221;][\/vc_column][vc_column width=&#8221;1\/2&#8243; offset=&#8221;vc_col-lg-3 vc_col-md-6&#8243;][vc_empty_space height=&#8221;65px&#8221;][\/vc_column][\/vc_row]","og_url":"https:\/\/ivsoncoelho.adv.br\/site\/our-team\/","og_site_name":"Dr. Ivson Coelho","article_modified_time":"2023-08-16T15:55:57+00:00","twitter_card":"summary_large_image","twitter_misc":{"Tempo estimado de leitura":"3 minutos"},"schema":{"@context":"https:\/\/schema.org","@graph":[{"@type":"WebPage","@id":"https:\/\/ivsoncoelho.adv.br\/site\/our-team\/","url":"https:\/\/ivsoncoelho.adv.br\/site\/our-team\/","name":"Equipe - Dr. Ivson Coelho","isPartOf":{"@id":"https:\/\/ivsoncoelho.adv.br\/site\/#website"},"datePublished":"2018-04-03T12:23:36+00:00","dateModified":"2023-08-16T15:55:57+00:00","breadcrumb":{"@id":"https:\/\/ivsoncoelho.adv.br\/site\/our-team\/#breadcrumb"},"inLanguage":"pt-PT","potentialAction":[{"@type":"ReadAction","target":["https:\/\/ivsoncoelho.adv.br\/site\/our-team\/"]}]},{"@type":"BreadcrumbList","@id":"https:\/\/ivsoncoelho.adv.br\/site\/our-team\/#breadcrumb","itemListElement":[{"@type":"ListItem","position":1,"name":"Home","item":"https:\/\/ivsoncoelho.adv.br\/site\/"},{"@type":"ListItem","position":2,"name":"Equipe"}]},{"@type":"WebSite","@id":"https:\/\/ivsoncoelho.adv.br\/site\/#website","url":"https:\/\/ivsoncoelho.adv.br\/site\/","name":"Dr. Ivson Coelho","description":"Escrit\u00f3rio Jur\u00eddico especializado em Direito Tribut\u00e1rio","potentialAction":[{"@type":"SearchAction","target":{"@type":"EntryPoint","urlTemplate":"https:\/\/ivsoncoelho.adv.br\/site\/?s={search_term_string}"},"query-input":{"@type":"PropertyValueSpecification","valueRequired":true,"valueName":"search_term_string"}}],"inLanguage":"pt-PT"}]}},"_links":{"self":[{"href":"https:\/\/ivsoncoelho.adv.br\/site\/wp-json\/wp\/v2\/pages\/3366","targetHints":{"allow":["GET"]}}],"collection":[{"href":"https:\/\/ivsoncoelho.adv.br\/site\/wp-json\/wp\/v2\/pages"}],"about":[{"href":"https:\/\/ivsoncoelho.adv.br\/site\/wp-json\/wp\/v2\/types\/page"}],"author":[{"embeddable":true,"href":"https:\/\/ivsoncoelho.adv.br\/site\/wp-json\/wp\/v2\/users\/2"}],"replies":[{"embeddable":true,"href":"https:\/\/ivsoncoelho.adv.br\/site\/wp-json\/wp\/v2\/comments?post=3366"}],"version-history":[{"count":20,"href":"https:\/\/ivsoncoelho.adv.br\/site\/wp-json\/wp\/v2\/pages\/3366\/revisions"}],"predecessor-version":[{"id":3868,"href":"https:\/\/ivsoncoelho.adv.br\/site\/wp-json\/wp\/v2\/pages\/3366\/revisions\/3868"}],"wp:attachment":[{"href":"https:\/\/ivsoncoelho.adv.br\/site\/wp-json\/wp\/v2\/media?parent=3366"}],"curies":[{"name":"wp","href":"https:\/\/api.w.org\/{rel}","templated":true}]}}