{"id":236,"date":"2018-03-07T09:29:48","date_gmt":"2018-03-07T09:29:48","guid":{"rendered":"http:\/\/anwalt.mikado-themes.com\/?page_id=236"},"modified":"2023-07-14T15:11:41","modified_gmt":"2023-07-14T15:11:41","slug":"ic_content","status":"publish","type":"page","link":"https:\/\/ivsoncoelho.adv.br\/site\/ic_content\/","title":{"rendered":"Sobre"},"content":{"rendered":"<div class=\"wpb-content-wrapper\"><p>[vc_row row_content_width=&#8221;grid&#8221; css=&#8221;.vc_custom_1522331941684{padding-top: 118px !important;padding-bottom: 138px !important;}&#8221;][vc_column offset=&#8221;vc_col-lg-offset-0 vc_col-lg-12 vc_col-md-offset-0 vc_col-md-12 vc_col-sm-offset-0 vc_col-xs-12&#8243;]<div class=\"mkdf-section-title-holder  \" style=\"text-align: center\">\n\t<div class=\"mkdf-st-inner\">\n\t\t\t\t\t<h3 class=\"mkdf-st-title\" >\n\t\t\t\tIvson Co\u00ealho Advocacia\t\t\t<\/h3>\n\t\t        <div class=\"mkdf-separator-holder clearfix  mkdf-separator-center mkdf-separator-normal\" >\n\t\t<div class=\"mkdf-separator\" style=\"width: 143px;border-bottom-width: 2px\"><\/div>\n\t<\/div>\n\t\t\t<\/div>\n<\/div>[vc_row_inner row_content_width=&#8221;grid&#8221; content_text_aligment=&#8221;center&#8221;][vc_column_inner offset=&#8221;vc_col-lg-offset-2 vc_col-lg-8 vc_col-md-offset-0 vc_col-md-12 vc_col-sm-offset-0 vc_col-xs-12&#8243;][vc_empty_space height=&#8221;11px&#8221;][vc_column_text]O escrit\u00f3rio foi fundado por Ivson Co\u00ealho, que possui experi\u00eancia em Direito P\u00fablico, tanto como advogado, quanto por ser Procurador do Munic\u00edpio de Manaus, de carreira.<\/p>\n<p>Depois de desenvolver habilidades por passagens alguns escrit\u00f3rios, Ivson Co\u00ealho decidiu modificar a estrutura da sociedade e trazer novas \u00e1reas de atua\u00e7\u00e3o, embora mantendo o conceito de advocacia estrat\u00e9gica, mais voltada para resolu\u00e7\u00e3o de casos pontuais, analisados profundamente, um a um, com um servi\u00e7o mais personalizado a cada cliente.<\/p>\n<p>Tudo foi pensado de maneira minudente, como a sede, desde sua fachada at\u00e9 os seus m\u00f3veis, bem como o maior patrim\u00f4nio, que s\u00e3o os profissionais que integram a equipe.<\/p>\n<p>A equipe presta um servi\u00e7o de excel\u00eancia em diversos ramos do Direito, especialmente tribut\u00e1rio, constitucional, administrativo e empresarial. A expertise em ICMS e nos tributos federais, principalmente, al\u00e9m da advocacia junto aos tribunais de contas, fazem de nosso escrit\u00f3rio refer\u00eancia no Estado do Amazonas.<\/p>\n<p>Ivson Co\u00ealho \u00e9 advogado, Procurador do Munic\u00edpio de Manaus, Mestre em Direito Constitucional pela Universidade de Fortaleza &#8211; UNIFOR, doutoramento em Direito Constitucional pela Universidade de Fortaleza \u2013 UNIFOR. J\u00e1 exerceu os seguintes cargos: Procurador-chefe da Procuradoria do Contencioso Tribut\u00e1rio, Vice-Presidente da Secretaria Municipal de Transporte Urbano de Manaus \u2013 SMTU, Presidente da Secretaria Municipal de Transporte Urbano de Manaus \u2013 SMTU, Subprocurador-Geral do Munic\u00edpio de Manaus e Procurador-Geral do Munic\u00edpio de Manaus. Tamb\u00e9m j\u00e1 foi membro da Comiss\u00e3o Nacional de Direito Tribut\u00e1rio da Ordem dos Advogados do Brasil \u2013 OAB.[\/vc_column_text][vc_empty_space][\/vc_column_inner][\/vc_row_inner][\/vc_column][\/vc_row]<\/p>\n<\/div>","protected":false},"excerpt":{"rendered":"<p>[vc_row row_content_width=&#8221;grid&#8221; css=&#8221;.vc_custom_1522331941684{padding-top: 118px !important;padding-bottom: 138px !important;}&#8221;][vc_column offset=&#8221;vc_col-lg-offset-0 vc_col-lg-12 vc_col-md-offset-0 vc_col-md-12 vc_col-sm-offset-0 vc_col-xs-12&#8243;][vc_row_inner row_content_width=&#8221;grid&#8221; content_text_aligment=&#8221;center&#8221;][vc_column_inner offset=&#8221;vc_col-lg-offset-2 vc_col-lg-8 vc_col-md-offset-0 vc_col-md-12 vc_col-sm-offset-0 vc_col-xs-12&#8243;][vc_empty_space height=&#8221;11px&#8221;][vc_column_text]O escrit\u00f3rio foi fundado por Ivson Co\u00ealho, que possui experi\u00eancia em Direito P\u00fablico, tanto como advogado, quanto por ser Procurador do Munic\u00edpio de Manaus, de carreira. Depois de desenvolver [&hellip;]<\/p>\n","protected":false},"author":2,"featured_media":0,"parent":0,"menu_order":0,"comment_status":"closed","ping_status":"closed","template":"full-width.php","meta":{"footnotes":""},"class_list":["post-236","page","type-page","status-publish","hentry"],"yoast_head":"<!-- This site is optimized with the Yoast SEO plugin v26.9 - https:\/\/yoast.com\/product\/yoast-seo-wordpress\/ -->\n<title>Sobre - Dr. Ivson Coelho<\/title>\n<meta name=\"robots\" content=\"index, follow, max-snippet:-1, max-image-preview:large, max-video-preview:-1\" \/>\n<link rel=\"canonical\" href=\"https:\/\/ivsoncoelho.adv.br\/site\/ic_content\/\" \/>\n<meta property=\"og:locale\" content=\"pt_PT\" \/>\n<meta property=\"og:type\" content=\"article\" \/>\n<meta property=\"og:title\" content=\"Sobre - Dr. Ivson Coelho\" \/>\n<meta property=\"og:description\" content=\"[vc_row row_content_width=&#8221;grid&#8221; css=&#8221;.vc_custom_1522331941684{padding-top: 118px !important;padding-bottom: 138px !important;}&#8221;][vc_column offset=&#8221;vc_col-lg-offset-0 vc_col-lg-12 vc_col-md-offset-0 vc_col-md-12 vc_col-sm-offset-0 vc_col-xs-12&#8243;][vc_row_inner row_content_width=&#8221;grid&#8221; content_text_aligment=&#8221;center&#8221;][vc_column_inner offset=&#8221;vc_col-lg-offset-2 vc_col-lg-8 vc_col-md-offset-0 vc_col-md-12 vc_col-sm-offset-0 vc_col-xs-12&#8243;][vc_empty_space height=&#8221;11px&#8221;][vc_column_text]O escrit\u00f3rio foi fundado por Ivson Co\u00ealho, que possui experi\u00eancia em Direito P\u00fablico, tanto como advogado, quanto por ser Procurador do Munic\u00edpio de Manaus, de carreira. Depois de desenvolver [&hellip;]\" \/>\n<meta property=\"og:url\" content=\"https:\/\/ivsoncoelho.adv.br\/site\/ic_content\/\" \/>\n<meta property=\"og:site_name\" content=\"Dr. Ivson Coelho\" \/>\n<meta property=\"article:modified_time\" content=\"2023-07-14T15:11:41+00:00\" \/>\n<meta name=\"twitter:card\" content=\"summary_large_image\" \/>\n<meta name=\"twitter:label1\" content=\"Tempo estimado de leitura\" \/>\n\t<meta name=\"twitter:data1\" content=\"2 minutos\" \/>\n<script type=\"application\/ld+json\" class=\"yoast-schema-graph\">{\"@context\":\"https:\/\/schema.org\",\"@graph\":[{\"@type\":\"WebPage\",\"@id\":\"https:\/\/ivsoncoelho.adv.br\/site\/ic_content\/\",\"url\":\"https:\/\/ivsoncoelho.adv.br\/site\/ic_content\/\",\"name\":\"Sobre - Dr. Ivson Coelho\",\"isPartOf\":{\"@id\":\"https:\/\/ivsoncoelho.adv.br\/site\/#website\"},\"datePublished\":\"2018-03-07T09:29:48+00:00\",\"dateModified\":\"2023-07-14T15:11:41+00:00\",\"breadcrumb\":{\"@id\":\"https:\/\/ivsoncoelho.adv.br\/site\/ic_content\/#breadcrumb\"},\"inLanguage\":\"pt-PT\",\"potentialAction\":[{\"@type\":\"ReadAction\",\"target\":[\"https:\/\/ivsoncoelho.adv.br\/site\/ic_content\/\"]}]},{\"@type\":\"BreadcrumbList\",\"@id\":\"https:\/\/ivsoncoelho.adv.br\/site\/ic_content\/#breadcrumb\",\"itemListElement\":[{\"@type\":\"ListItem\",\"position\":1,\"name\":\"Home\",\"item\":\"https:\/\/ivsoncoelho.adv.br\/site\/\"},{\"@type\":\"ListItem\",\"position\":2,\"name\":\"Sobre\"}]},{\"@type\":\"WebSite\",\"@id\":\"https:\/\/ivsoncoelho.adv.br\/site\/#website\",\"url\":\"https:\/\/ivsoncoelho.adv.br\/site\/\",\"name\":\"Dr. Ivson Coelho\",\"description\":\"Escrit\u00f3rio Jur\u00eddico especializado em Direito Tribut\u00e1rio\",\"potentialAction\":[{\"@type\":\"SearchAction\",\"target\":{\"@type\":\"EntryPoint\",\"urlTemplate\":\"https:\/\/ivsoncoelho.adv.br\/site\/?s={search_term_string}\"},\"query-input\":{\"@type\":\"PropertyValueSpecification\",\"valueRequired\":true,\"valueName\":\"search_term_string\"}}],\"inLanguage\":\"pt-PT\"}]}<\/script>\n<!-- \/ Yoast SEO plugin. -->","yoast_head_json":{"title":"Sobre - Dr. Ivson Coelho","robots":{"index":"index","follow":"follow","max-snippet":"max-snippet:-1","max-image-preview":"max-image-preview:large","max-video-preview":"max-video-preview:-1"},"canonical":"https:\/\/ivsoncoelho.adv.br\/site\/ic_content\/","og_locale":"pt_PT","og_type":"article","og_title":"Sobre - Dr. Ivson Coelho","og_description":"[vc_row row_content_width=&#8221;grid&#8221; css=&#8221;.vc_custom_1522331941684{padding-top: 118px !important;padding-bottom: 138px !important;}&#8221;][vc_column offset=&#8221;vc_col-lg-offset-0 vc_col-lg-12 vc_col-md-offset-0 vc_col-md-12 vc_col-sm-offset-0 vc_col-xs-12&#8243;][vc_row_inner row_content_width=&#8221;grid&#8221; content_text_aligment=&#8221;center&#8221;][vc_column_inner offset=&#8221;vc_col-lg-offset-2 vc_col-lg-8 vc_col-md-offset-0 vc_col-md-12 vc_col-sm-offset-0 vc_col-xs-12&#8243;][vc_empty_space height=&#8221;11px&#8221;][vc_column_text]O escrit\u00f3rio foi fundado por Ivson Co\u00ealho, que possui experi\u00eancia em Direito P\u00fablico, tanto como advogado, quanto por ser Procurador do Munic\u00edpio de Manaus, de carreira. Depois de desenvolver [&hellip;]","og_url":"https:\/\/ivsoncoelho.adv.br\/site\/ic_content\/","og_site_name":"Dr. Ivson Coelho","article_modified_time":"2023-07-14T15:11:41+00:00","twitter_card":"summary_large_image","twitter_misc":{"Tempo estimado de leitura":"2 minutos"},"schema":{"@context":"https:\/\/schema.org","@graph":[{"@type":"WebPage","@id":"https:\/\/ivsoncoelho.adv.br\/site\/ic_content\/","url":"https:\/\/ivsoncoelho.adv.br\/site\/ic_content\/","name":"Sobre - Dr. Ivson Coelho","isPartOf":{"@id":"https:\/\/ivsoncoelho.adv.br\/site\/#website"},"datePublished":"2018-03-07T09:29:48+00:00","dateModified":"2023-07-14T15:11:41+00:00","breadcrumb":{"@id":"https:\/\/ivsoncoelho.adv.br\/site\/ic_content\/#breadcrumb"},"inLanguage":"pt-PT","potentialAction":[{"@type":"ReadAction","target":["https:\/\/ivsoncoelho.adv.br\/site\/ic_content\/"]}]},{"@type":"BreadcrumbList","@id":"https:\/\/ivsoncoelho.adv.br\/site\/ic_content\/#breadcrumb","itemListElement":[{"@type":"ListItem","position":1,"name":"Home","item":"https:\/\/ivsoncoelho.adv.br\/site\/"},{"@type":"ListItem","position":2,"name":"Sobre"}]},{"@type":"WebSite","@id":"https:\/\/ivsoncoelho.adv.br\/site\/#website","url":"https:\/\/ivsoncoelho.adv.br\/site\/","name":"Dr. Ivson Coelho","description":"Escrit\u00f3rio Jur\u00eddico especializado em Direito Tribut\u00e1rio","potentialAction":[{"@type":"SearchAction","target":{"@type":"EntryPoint","urlTemplate":"https:\/\/ivsoncoelho.adv.br\/site\/?s={search_term_string}"},"query-input":{"@type":"PropertyValueSpecification","valueRequired":true,"valueName":"search_term_string"}}],"inLanguage":"pt-PT"}]}},"_links":{"self":[{"href":"https:\/\/ivsoncoelho.adv.br\/site\/wp-json\/wp\/v2\/pages\/236","targetHints":{"allow":["GET"]}}],"collection":[{"href":"https:\/\/ivsoncoelho.adv.br\/site\/wp-json\/wp\/v2\/pages"}],"about":[{"href":"https:\/\/ivsoncoelho.adv.br\/site\/wp-json\/wp\/v2\/types\/page"}],"author":[{"embeddable":true,"href":"https:\/\/ivsoncoelho.adv.br\/site\/wp-json\/wp\/v2\/users\/2"}],"replies":[{"embeddable":true,"href":"https:\/\/ivsoncoelho.adv.br\/site\/wp-json\/wp\/v2\/comments?post=236"}],"version-history":[{"count":9,"href":"https:\/\/ivsoncoelho.adv.br\/site\/wp-json\/wp\/v2\/pages\/236\/revisions"}],"predecessor-version":[{"id":3812,"href":"https:\/\/ivsoncoelho.adv.br\/site\/wp-json\/wp\/v2\/pages\/236\/revisions\/3812"}],"wp:attachment":[{"href":"https:\/\/ivsoncoelho.adv.br\/site\/wp-json\/wp\/v2\/media?parent=236"}],"curies":[{"name":"wp","href":"https:\/\/api.w.org\/{rel}","templated":true}]}}